{"id":9796,"date":"2010-08-09T15:00:36","date_gmt":"2010-08-09T13:00:36","guid":{"rendered":"http:\/\/www.it.tarnow.pl\/die-groste-holzkirche-in-kleinpolen\/"},"modified":"2019-04-03T15:16:52","modified_gmt":"2019-04-03T13:16:52","slug":"die-groste-holzkirche-in-kleinpolen","status":"publish","type":"page","link":"https:\/\/www.it.tarnow.pl\/de\/es-ist-sehenswert\/wussten-sie-dass\/die-groste-holzkirche-in-kleinpolen\/","title":{"rendered":"Die gr\u00f6\u00dfte Holzkirche in Kleinpolen"},"content":{"rendered":"<img loading=\"lazy\" decoding=\"async\" width=\"650\" height=\"488\" class=\"size-large alignright wp-image-21095\" src=\"http:\/\/www.it.tarnow.pl\/wp-content\/uploads\/2019\/02\/Skrzyszow-Kosciol-p.w.-sw.-Stanislawa-Biskupa-2-650x488.jpg\" alt=\"\" srcset=\"https:\/\/www.it.tarnow.pl\/wp-content\/uploads\/2019\/02\/Skrzyszow-Kosciol-p.w.-sw.-Stanislawa-Biskupa-2-650x488.jpg 650w, https:\/\/www.it.tarnow.pl\/wp-content\/uploads\/2019\/02\/Skrzyszow-Kosciol-p.w.-sw.-Stanislawa-Biskupa-2-400x300.jpg 400w, https:\/\/www.it.tarnow.pl\/wp-content\/uploads\/2019\/02\/Skrzyszow-Kosciol-p.w.-sw.-Stanislawa-Biskupa-2-768x576.jpg 768w, https:\/\/www.it.tarnow.pl\/wp-content\/uploads\/2019\/02\/Skrzyszow-Kosciol-p.w.-sw.-Stanislawa-Biskupa-2-300x225.jpg 300w, https:\/\/www.it.tarnow.pl\/wp-content\/uploads\/2019\/02\/Skrzyszow-Kosciol-p.w.-sw.-Stanislawa-Biskupa-2.jpg 1024w\" sizes=\"auto, (max-width: 650px) 100vw, 650px\" \/><p>Skrzyszow, St. Stanislaw Kirche &#8211; die grossartigste Holz-Kirche in Kleinpolen. Sie entstand im Jahr 1517, ist eine einteilige Kirche mit zwei Kapellen und einem Turm und wird von Kl\u00f6stern umgeben. Die wertvollsten Reliquies sind: sp\u00e4te Gotik- Skulpturen auf dem Altar und die Skulptur der St. Barbara, die auf das Jahr 1500 zur\u00fcckdatiert.<\/p>","protected":false},"excerpt":{"rendered":"Skrzyszow, St. Stanislaw Kirche &#8211; die grossartigste Holz-Kirche in Kleinpolen. Sie entstand im Jahr 1517, ist eine einteilige Kirche mit zwei Kapellen und einem Turm und wird von Kl\u00f6stern umgeben. [&hellip;]","protected":false},"author":1,"featured_media":0,"parent":9794,"menu_order":113,"comment_status":"closed","ping_status":"closed","template":"","meta":{"_acf_changed":false,"footnotes":""},"tags":[],"class_list":["post-9796","page","type-page","status-publish","hentry"],"acf":{"in_menu":null,"show_date":null,"intro_text":"<img class=\"size-small alignleft wp-image-21095\" src=\"http:\/\/www.it.tarnow.pl\/wp-content\/uploads\/2019\/02\/Skrzyszow-Kosciol-p.w.-sw.-Stanislawa-Biskupa-2-250x250.jpg\" alt=\"\"><p>Skrzyszow, St. Stanislaw Kirche - die grossartigste Holz-Kirche in Kleinpolen. Sie entstand im Jahr 1517, ist eine einteilige Kirche mit zwei Kapellen und einem Turm und wird von Kl\u00f6stern umgeben.<\/p>","map":null},"yoast_head":"<!-- This site is optimized with the Yoast SEO Premium plugin v25.4 (Yoast SEO v25.4) - https:\/\/yoast.com\/wordpress\/plugins\/seo\/ -->\n<title>Die gr\u00f6\u00dfte Holzkirche in Kleinpolen - Tarnowskie Centrum Informacji<\/title>\n<meta name=\"robots\" content=\"index, follow, max-snippet:-1, max-image-preview:large, max-video-preview:-1\" \/>\n<link rel=\"canonical\" href=\"https:\/\/www.it.tarnow.pl\/de\/es-ist-sehenswert\/wussten-sie-dass\/die-groste-holzkirche-in-kleinpolen\/\" \/>\n<meta property=\"og:locale\" content=\"de_DE\" \/>\n<meta property=\"og:type\" content=\"article\" \/>\n<meta property=\"og:title\" content=\"Die gr\u00f6\u00dfte Holzkirche in Kleinpolen\" \/>\n<meta property=\"og:description\" content=\"Skrzyszow, St. Stanislaw Kirche &#8211; die grossartigste Holz-Kirche in Kleinpolen. Sie entstand im Jahr 1517, ist eine einteilige Kirche mit zwei Kapellen und einem Turm und wird von Kl\u00f6stern umgeben. [&hellip;]\" \/>\n<meta property=\"og:url\" content=\"https:\/\/www.it.tarnow.pl\/de\/es-ist-sehenswert\/wussten-sie-dass\/die-groste-holzkirche-in-kleinpolen\/\" \/>\n<meta property=\"og:site_name\" content=\"Tarnowskie Centrum Informacji\" \/>\n<meta property=\"article:modified_time\" content=\"2019-04-03T13:16:52+00:00\" \/>\n<meta property=\"og:image\" content=\"http:\/\/www.it.tarnow.pl\/wp-content\/uploads\/2019\/02\/Skrzyszow-Kosciol-p.w.-sw.-Stanislawa-Biskupa-2-650x488.jpg\" \/>\n<meta name=\"twitter:card\" content=\"summary_large_image\" \/>\n<script type=\"application\/ld+json\" class=\"yoast-schema-graph\">{\"@context\":\"https:\/\/schema.org\",\"@graph\":[{\"@type\":\"WebPage\",\"@id\":\"https:\/\/www.it.tarnow.pl\/de\/es-ist-sehenswert\/wussten-sie-dass\/die-groste-holzkirche-in-kleinpolen\/\",\"url\":\"https:\/\/www.it.tarnow.pl\/de\/es-ist-sehenswert\/wussten-sie-dass\/die-groste-holzkirche-in-kleinpolen\/\",\"name\":\"Die gr\u00f6\u00dfte Holzkirche in Kleinpolen - Tarnowskie Centrum Informacji\",\"isPartOf\":{\"@id\":\"https:\/\/www.it.tarnow.pl\/#website\"},\"primaryImageOfPage\":{\"@id\":\"https:\/\/www.it.tarnow.pl\/de\/es-ist-sehenswert\/wussten-sie-dass\/die-groste-holzkirche-in-kleinpolen\/#primaryimage\"},\"image\":{\"@id\":\"https:\/\/www.it.tarnow.pl\/de\/es-ist-sehenswert\/wussten-sie-dass\/die-groste-holzkirche-in-kleinpolen\/#primaryimage\"},\"thumbnailUrl\":\"http:\/\/www.it.tarnow.pl\/wp-content\/uploads\/2019\/02\/Skrzyszow-Kosciol-p.w.-sw.-Stanislawa-Biskupa-2-650x488.jpg\",\"datePublished\":\"2010-08-09T13:00:36+00:00\",\"dateModified\":\"2019-04-03T13:16:52+00:00\",\"breadcrumb\":{\"@id\":\"https:\/\/www.it.tarnow.pl\/de\/es-ist-sehenswert\/wussten-sie-dass\/die-groste-holzkirche-in-kleinpolen\/#breadcrumb\"},\"inLanguage\":\"de\",\"potentialAction\":[{\"@type\":\"ReadAction\",\"target\":[\"https:\/\/www.it.tarnow.pl\/de\/es-ist-sehenswert\/wussten-sie-dass\/die-groste-holzkirche-in-kleinpolen\/\"]}]},{\"@type\":\"ImageObject\",\"inLanguage\":\"de\",\"@id\":\"https:\/\/www.it.tarnow.pl\/de\/es-ist-sehenswert\/wussten-sie-dass\/die-groste-holzkirche-in-kleinpolen\/#primaryimage\",\"url\":\"http:\/\/www.it.tarnow.pl\/wp-content\/uploads\/2019\/02\/Skrzyszow-Kosciol-p.w.-sw.-Stanislawa-Biskupa-2-650x488.jpg\",\"contentUrl\":\"http:\/\/www.it.tarnow.pl\/wp-content\/uploads\/2019\/02\/Skrzyszow-Kosciol-p.w.-sw.-Stanislawa-Biskupa-2-650x488.jpg\"},{\"@type\":\"BreadcrumbList\",\"@id\":\"https:\/\/www.it.tarnow.pl\/de\/es-ist-sehenswert\/wussten-sie-dass\/die-groste-holzkirche-in-kleinpolen\/#breadcrumb\",\"itemListElement\":[{\"@type\":\"ListItem\",\"position\":1,\"name\":\"Homepage\",\"item\":\"https:\/\/www.it.tarnow.pl\/de\/\"},{\"@type\":\"ListItem\",\"position\":2,\"name\":\"Es ist sehenswert\",\"item\":\"https:\/\/www.it.tarnow.pl\/de\/es-ist-sehenswert\/\"},{\"@type\":\"ListItem\",\"position\":3,\"name\":\"Wussten Sie, dass&#8230;?\",\"item\":\"https:\/\/www.it.tarnow.pl\/de\/es-ist-sehenswert\/wussten-sie-dass\/\"},{\"@type\":\"ListItem\",\"position\":4,\"name\":\"Die gr\u00f6\u00dfte Holzkirche in Kleinpolen\"}]},{\"@type\":\"WebSite\",\"@id\":\"https:\/\/www.it.tarnow.pl\/#website\",\"url\":\"https:\/\/www.it.tarnow.pl\/\",\"name\":\"Tarnowskie Centrum Informacji\",\"description\":\"Informacja turystyczna o Tarnowie i regionie tarnowskim.\",\"potentialAction\":[{\"@type\":\"SearchAction\",\"target\":{\"@type\":\"EntryPoint\",\"urlTemplate\":\"https:\/\/www.it.tarnow.pl\/?s={search_term_string}\"},\"query-input\":{\"@type\":\"PropertyValueSpecification\",\"valueRequired\":true,\"valueName\":\"search_term_string\"}}],\"inLanguage\":\"de\"}]}<\/script>\n<!-- \/ Yoast SEO Premium plugin. -->","yoast_head_json":{"title":"Die gr\u00f6\u00dfte Holzkirche in Kleinpolen - Tarnowskie Centrum Informacji","robots":{"index":"index","follow":"follow","max-snippet":"max-snippet:-1","max-image-preview":"max-image-preview:large","max-video-preview":"max-video-preview:-1"},"canonical":"https:\/\/www.it.tarnow.pl\/de\/es-ist-sehenswert\/wussten-sie-dass\/die-groste-holzkirche-in-kleinpolen\/","og_locale":"de_DE","og_type":"article","og_title":"Die gr\u00f6\u00dfte Holzkirche in Kleinpolen","og_description":"Skrzyszow, St. Stanislaw Kirche &#8211; die grossartigste Holz-Kirche in Kleinpolen. Sie entstand im Jahr 1517, ist eine einteilige Kirche mit zwei Kapellen und einem Turm und wird von Kl\u00f6stern umgeben. [&hellip;]","og_url":"https:\/\/www.it.tarnow.pl\/de\/es-ist-sehenswert\/wussten-sie-dass\/die-groste-holzkirche-in-kleinpolen\/","og_site_name":"Tarnowskie Centrum Informacji","article_modified_time":"2019-04-03T13:16:52+00:00","og_image":[{"url":"http:\/\/www.it.tarnow.pl\/wp-content\/uploads\/2019\/02\/Skrzyszow-Kosciol-p.w.-sw.-Stanislawa-Biskupa-2-650x488.jpg","type":"","width":"","height":""}],"twitter_card":"summary_large_image","schema":{"@context":"https:\/\/schema.org","@graph":[{"@type":"WebPage","@id":"https:\/\/www.it.tarnow.pl\/de\/es-ist-sehenswert\/wussten-sie-dass\/die-groste-holzkirche-in-kleinpolen\/","url":"https:\/\/www.it.tarnow.pl\/de\/es-ist-sehenswert\/wussten-sie-dass\/die-groste-holzkirche-in-kleinpolen\/","name":"Die gr\u00f6\u00dfte Holzkirche in Kleinpolen - Tarnowskie Centrum Informacji","isPartOf":{"@id":"https:\/\/www.it.tarnow.pl\/#website"},"primaryImageOfPage":{"@id":"https:\/\/www.it.tarnow.pl\/de\/es-ist-sehenswert\/wussten-sie-dass\/die-groste-holzkirche-in-kleinpolen\/#primaryimage"},"image":{"@id":"https:\/\/www.it.tarnow.pl\/de\/es-ist-sehenswert\/wussten-sie-dass\/die-groste-holzkirche-in-kleinpolen\/#primaryimage"},"thumbnailUrl":"http:\/\/www.it.tarnow.pl\/wp-content\/uploads\/2019\/02\/Skrzyszow-Kosciol-p.w.-sw.-Stanislawa-Biskupa-2-650x488.jpg","datePublished":"2010-08-09T13:00:36+00:00","dateModified":"2019-04-03T13:16:52+00:00","breadcrumb":{"@id":"https:\/\/www.it.tarnow.pl\/de\/es-ist-sehenswert\/wussten-sie-dass\/die-groste-holzkirche-in-kleinpolen\/#breadcrumb"},"inLanguage":"de","potentialAction":[{"@type":"ReadAction","target":["https:\/\/www.it.tarnow.pl\/de\/es-ist-sehenswert\/wussten-sie-dass\/die-groste-holzkirche-in-kleinpolen\/"]}]},{"@type":"ImageObject","inLanguage":"de","@id":"https:\/\/www.it.tarnow.pl\/de\/es-ist-sehenswert\/wussten-sie-dass\/die-groste-holzkirche-in-kleinpolen\/#primaryimage","url":"http:\/\/www.it.tarnow.pl\/wp-content\/uploads\/2019\/02\/Skrzyszow-Kosciol-p.w.-sw.-Stanislawa-Biskupa-2-650x488.jpg","contentUrl":"http:\/\/www.it.tarnow.pl\/wp-content\/uploads\/2019\/02\/Skrzyszow-Kosciol-p.w.-sw.-Stanislawa-Biskupa-2-650x488.jpg"},{"@type":"BreadcrumbList","@id":"https:\/\/www.it.tarnow.pl\/de\/es-ist-sehenswert\/wussten-sie-dass\/die-groste-holzkirche-in-kleinpolen\/#breadcrumb","itemListElement":[{"@type":"ListItem","position":1,"name":"Homepage","item":"https:\/\/www.it.tarnow.pl\/de\/"},{"@type":"ListItem","position":2,"name":"Es ist sehenswert","item":"https:\/\/www.it.tarnow.pl\/de\/es-ist-sehenswert\/"},{"@type":"ListItem","position":3,"name":"Wussten Sie, dass&#8230;?","item":"https:\/\/www.it.tarnow.pl\/de\/es-ist-sehenswert\/wussten-sie-dass\/"},{"@type":"ListItem","position":4,"name":"Die gr\u00f6\u00dfte Holzkirche in Kleinpolen"}]},{"@type":"WebSite","@id":"https:\/\/www.it.tarnow.pl\/#website","url":"https:\/\/www.it.tarnow.pl\/","name":"Tarnowskie Centrum Informacji","description":"Informacja turystyczna o Tarnowie i regionie tarnowskim.","potentialAction":[{"@type":"SearchAction","target":{"@type":"EntryPoint","urlTemplate":"https:\/\/www.it.tarnow.pl\/?s={search_term_string}"},"query-input":{"@type":"PropertyValueSpecification","valueRequired":true,"valueName":"search_term_string"}}],"inLanguage":"de"}]}},"_links":{"self":[{"href":"https:\/\/www.it.tarnow.pl\/de\/wp-json\/wp\/v2\/pages\/9796","targetHints":{"allow":["GET"]}}],"collection":[{"href":"https:\/\/www.it.tarnow.pl\/de\/wp-json\/wp\/v2\/pages"}],"about":[{"href":"https:\/\/www.it.tarnow.pl\/de\/wp-json\/wp\/v2\/types\/page"}],"author":[{"embeddable":true,"href":"https:\/\/www.it.tarnow.pl\/de\/wp-json\/wp\/v2\/users\/1"}],"replies":[{"embeddable":true,"href":"https:\/\/www.it.tarnow.pl\/de\/wp-json\/wp\/v2\/comments?post=9796"}],"version-history":[{"count":0,"href":"https:\/\/www.it.tarnow.pl\/de\/wp-json\/wp\/v2\/pages\/9796\/revisions"}],"up":[{"embeddable":true,"href":"https:\/\/www.it.tarnow.pl\/de\/wp-json\/wp\/v2\/pages\/9794"}],"wp:attachment":[{"href":"https:\/\/www.it.tarnow.pl\/de\/wp-json\/wp\/v2\/media?parent=9796"}],"wp:term":[{"taxonomy":"post_tag","embeddable":true,"href":"https:\/\/www.it.tarnow.pl\/de\/wp-json\/wp\/v2\/tags?post=9796"}],"curies":[{"name":"wp","href":"https:\/\/api.w.org\/{rel}","templated":true}]}}