{"id":9795,"date":"2010-08-09T14:57:40","date_gmt":"2010-08-09T12:57:40","guid":{"rendered":"http:\/\/www.it.tarnow.pl\/perle-der-renaissance-2\/"},"modified":"2021-11-20T13:47:40","modified_gmt":"2021-11-20T12:47:40","slug":"perle-der-renaissance-2","status":"publish","type":"page","link":"https:\/\/www.it.tarnow.pl\/de\/es-ist-sehenswert\/wussten-sie-dass\/perle-der-renaissance-2\/","title":{"rendered":"&#8222;Perle der Renaissance&#8220;"},"content":{"rendered":"<p><img loading=\"lazy\" decoding=\"async\" class=\"aligncenter wp-image-205345 size-large\" src=\"http:\/\/www.it.tarnow.pl\/wp-content\/uploads\/2021\/06\/Tarn\u00f3w-Rynek-1-650x433.jpg\" alt=\"\" width=\"650\" height=\"433\" \/><\/p>\r\n<p>&#8222;Perle der Renaissance&#8220; &#8211; so sprechen bekannte Kunstkenner \u00fcber die Tarnower Altstadt. Tarn\u00f3w war im Zeitraum der Renaissance eine der sch\u00f6nsten St\u00e4dte in Polen. Eine wundersch\u00f6ne Pfarrkirche, ein prachtvolles Rathaus, reiche Bemalungen der Au\u00dfenfassaden der B\u00fcrgerh\u00e4user und eine interessante Architektur schufen ein glanzvolles Aussehen.<br \/>\r\nAm Anfang des 16. Jhd. z\u00e4hlte Tarn\u00f3w rund 1 200 Einwohner. Die Stadt besa\u00df eine Verteidigungsmauer, Wasserleitungen und ein Kanalisationssystem. Wohlhabende Einwohner betrieben Handwerk und Handel. Inhaber der Stadt war in dieser Zeit ein ber\u00fchmter Politiker, ein aufgekl\u00e4rter und welterfahrener Mann, der Kronfeldherr Jan Tarnowski.<br \/>\r\nDas von den Vorfahren geerbte Schloss auf dem Berg des Heiligen Martin war die Residenz des Hetman, cirka 2 km von der Stadt entfernt. In den zwanziger Jahren des 16. Jhd. wurde die Stadt Tarn\u00f3w mit neuer Befestigungsmauer umgeben, deren Teilfragmente in den 60 Jahren des vergangenen Jahrhunderts rekonstruiert wurden und heute besichtigt werden k\u00f6nnen.<\/p>","protected":false},"excerpt":{"rendered":"&#8222;Perle der Renaissance&#8220; &#8211; so sprechen bekannte Kunstkenner \u00fcber die Tarnower Altstadt. Tarn\u00f3w war im Zeitraum der Renaissance eine der sch\u00f6nsten St\u00e4dte in Polen. Eine wundersch\u00f6ne Pfarrkirche, ein prachtvolles Rathaus, [&hellip;]","protected":false},"author":1,"featured_media":0,"parent":9794,"menu_order":80,"comment_status":"closed","ping_status":"closed","template":"","meta":{"_acf_changed":false,"footnotes":""},"tags":[],"class_list":["post-9795","page","type-page","status-publish","hentry"],"acf":{"old_object_id":"5621","old_parent_id":"5620","old_url":"Es-ist-sehenswert\/Wussten-Sie-dass\/Perle-der-Renaissance","intro_text":"<p><img loading=\"lazy\" decoding=\"async\" class=\"alignleft wp-image-205345 size-medium\" src=\"http:\/\/www.it.tarnow.pl\/wp-content\/uploads\/2021\/06\/Tarn\u00f3w-Rynek-1-400x267.jpg\" alt=\"\" width=\"400\" height=\"267\" \/><\/p>\n<p>&#8222;Perle der Renaissance&#8220; &#8211; so sprechen bekannte Kunstkenner \u00fcber die Tarnower Altstadt. Tarn\u00f3w war im Zeitraum der Renaissance eine der sch\u00f6nsten St\u00e4dte in Polen. Eine wundersch\u00f6ne Pfarrkirche, ein prachtvolles Rathaus, reiche Bemalungen der Au\u00dfenfassaden der B\u00fcrgerh\u00e4user und eine interessante Architektur schufen ein glanzvolles Aussehen.<\/p>\n","class":"article","type":"single","in_menu":true,"show_date":false,"map":"","old_id":"","rooms_info":"","top_column":"","left_column":"","right_column":"","bottom_column":"","show_children":"","skip_import":false,"_menu_related_id":"96096"},"yoast_head":"<!-- This site is optimized with the Yoast SEO Premium plugin v25.4 (Yoast SEO v25.4) - https:\/\/yoast.com\/wordpress\/plugins\/seo\/ -->\n<title>&quot;Perle der Renaissance&quot; - Tarnowskie Centrum Informacji<\/title>\n<meta name=\"robots\" content=\"index, follow, max-snippet:-1, max-image-preview:large, max-video-preview:-1\" \/>\n<link rel=\"canonical\" href=\"https:\/\/www.it.tarnow.pl\/de\/es-ist-sehenswert\/wussten-sie-dass\/perle-der-renaissance-2\/\" \/>\n<meta property=\"og:locale\" content=\"de_DE\" \/>\n<meta property=\"og:type\" content=\"article\" \/>\n<meta property=\"og:title\" content=\"&quot;Perle der Renaissance&quot;\" \/>\n<meta property=\"og:description\" content=\"&#8222;Perle der Renaissance&#8220; &#8211; so sprechen bekannte Kunstkenner \u00fcber die Tarnower Altstadt. Tarn\u00f3w war im Zeitraum der Renaissance eine der sch\u00f6nsten St\u00e4dte in Polen. Eine wundersch\u00f6ne Pfarrkirche, ein prachtvolles Rathaus, [&hellip;]\" \/>\n<meta property=\"og:url\" content=\"https:\/\/www.it.tarnow.pl\/de\/es-ist-sehenswert\/wussten-sie-dass\/perle-der-renaissance-2\/\" \/>\n<meta property=\"og:site_name\" content=\"Tarnowskie Centrum Informacji\" \/>\n<meta property=\"article:modified_time\" content=\"2021-11-20T12:47:40+00:00\" \/>\n<meta name=\"twitter:card\" content=\"summary_large_image\" \/>\n<meta name=\"twitter:label1\" content=\"Gesch\u00e4tzte Lesezeit\" \/>\n\t<meta name=\"twitter:data1\" content=\"1\u00a0Minute\" \/>\n<script type=\"application\/ld+json\" class=\"yoast-schema-graph\">{\"@context\":\"https:\/\/schema.org\",\"@graph\":[{\"@type\":\"WebPage\",\"@id\":\"https:\/\/www.it.tarnow.pl\/de\/es-ist-sehenswert\/wussten-sie-dass\/perle-der-renaissance-2\/\",\"url\":\"https:\/\/www.it.tarnow.pl\/de\/es-ist-sehenswert\/wussten-sie-dass\/perle-der-renaissance-2\/\",\"name\":\"\\\"Perle der Renaissance\\\" - Tarnowskie Centrum Informacji\",\"isPartOf\":{\"@id\":\"https:\/\/www.it.tarnow.pl\/#website\"},\"datePublished\":\"2010-08-09T12:57:40+00:00\",\"dateModified\":\"2021-11-20T12:47:40+00:00\",\"breadcrumb\":{\"@id\":\"https:\/\/www.it.tarnow.pl\/de\/es-ist-sehenswert\/wussten-sie-dass\/perle-der-renaissance-2\/#breadcrumb\"},\"inLanguage\":\"de\",\"potentialAction\":[{\"@type\":\"ReadAction\",\"target\":[\"https:\/\/www.it.tarnow.pl\/de\/es-ist-sehenswert\/wussten-sie-dass\/perle-der-renaissance-2\/\"]}]},{\"@type\":\"BreadcrumbList\",\"@id\":\"https:\/\/www.it.tarnow.pl\/de\/es-ist-sehenswert\/wussten-sie-dass\/perle-der-renaissance-2\/#breadcrumb\",\"itemListElement\":[{\"@type\":\"ListItem\",\"position\":1,\"name\":\"Homepage\",\"item\":\"https:\/\/www.it.tarnow.pl\/de\/\"},{\"@type\":\"ListItem\",\"position\":2,\"name\":\"Es ist sehenswert\",\"item\":\"https:\/\/www.it.tarnow.pl\/de\/es-ist-sehenswert\/\"},{\"@type\":\"ListItem\",\"position\":3,\"name\":\"Wussten Sie, dass&#8230;?\",\"item\":\"https:\/\/www.it.tarnow.pl\/de\/es-ist-sehenswert\/wussten-sie-dass\/\"},{\"@type\":\"ListItem\",\"position\":4,\"name\":\"&#8222;Perle der Renaissance&#8220;\"}]},{\"@type\":\"WebSite\",\"@id\":\"https:\/\/www.it.tarnow.pl\/#website\",\"url\":\"https:\/\/www.it.tarnow.pl\/\",\"name\":\"Tarnowskie Centrum Informacji\",\"description\":\"Informacja turystyczna o Tarnowie i regionie tarnowskim.\",\"potentialAction\":[{\"@type\":\"SearchAction\",\"target\":{\"@type\":\"EntryPoint\",\"urlTemplate\":\"https:\/\/www.it.tarnow.pl\/?s={search_term_string}\"},\"query-input\":{\"@type\":\"PropertyValueSpecification\",\"valueRequired\":true,\"valueName\":\"search_term_string\"}}],\"inLanguage\":\"de\"}]}<\/script>\n<!-- \/ Yoast SEO Premium plugin. -->","yoast_head_json":{"title":"\"Perle der Renaissance\" - Tarnowskie Centrum Informacji","robots":{"index":"index","follow":"follow","max-snippet":"max-snippet:-1","max-image-preview":"max-image-preview:large","max-video-preview":"max-video-preview:-1"},"canonical":"https:\/\/www.it.tarnow.pl\/de\/es-ist-sehenswert\/wussten-sie-dass\/perle-der-renaissance-2\/","og_locale":"de_DE","og_type":"article","og_title":"\"Perle der Renaissance\"","og_description":"&#8222;Perle der Renaissance&#8220; &#8211; so sprechen bekannte Kunstkenner \u00fcber die Tarnower Altstadt. Tarn\u00f3w war im Zeitraum der Renaissance eine der sch\u00f6nsten St\u00e4dte in Polen. Eine wundersch\u00f6ne Pfarrkirche, ein prachtvolles Rathaus, [&hellip;]","og_url":"https:\/\/www.it.tarnow.pl\/de\/es-ist-sehenswert\/wussten-sie-dass\/perle-der-renaissance-2\/","og_site_name":"Tarnowskie Centrum Informacji","article_modified_time":"2021-11-20T12:47:40+00:00","twitter_card":"summary_large_image","twitter_misc":{"Gesch\u00e4tzte Lesezeit":"1\u00a0Minute"},"schema":{"@context":"https:\/\/schema.org","@graph":[{"@type":"WebPage","@id":"https:\/\/www.it.tarnow.pl\/de\/es-ist-sehenswert\/wussten-sie-dass\/perle-der-renaissance-2\/","url":"https:\/\/www.it.tarnow.pl\/de\/es-ist-sehenswert\/wussten-sie-dass\/perle-der-renaissance-2\/","name":"\"Perle der Renaissance\" - Tarnowskie Centrum Informacji","isPartOf":{"@id":"https:\/\/www.it.tarnow.pl\/#website"},"datePublished":"2010-08-09T12:57:40+00:00","dateModified":"2021-11-20T12:47:40+00:00","breadcrumb":{"@id":"https:\/\/www.it.tarnow.pl\/de\/es-ist-sehenswert\/wussten-sie-dass\/perle-der-renaissance-2\/#breadcrumb"},"inLanguage":"de","potentialAction":[{"@type":"ReadAction","target":["https:\/\/www.it.tarnow.pl\/de\/es-ist-sehenswert\/wussten-sie-dass\/perle-der-renaissance-2\/"]}]},{"@type":"BreadcrumbList","@id":"https:\/\/www.it.tarnow.pl\/de\/es-ist-sehenswert\/wussten-sie-dass\/perle-der-renaissance-2\/#breadcrumb","itemListElement":[{"@type":"ListItem","position":1,"name":"Homepage","item":"https:\/\/www.it.tarnow.pl\/de\/"},{"@type":"ListItem","position":2,"name":"Es ist sehenswert","item":"https:\/\/www.it.tarnow.pl\/de\/es-ist-sehenswert\/"},{"@type":"ListItem","position":3,"name":"Wussten Sie, dass&#8230;?","item":"https:\/\/www.it.tarnow.pl\/de\/es-ist-sehenswert\/wussten-sie-dass\/"},{"@type":"ListItem","position":4,"name":"&#8222;Perle der Renaissance&#8220;"}]},{"@type":"WebSite","@id":"https:\/\/www.it.tarnow.pl\/#website","url":"https:\/\/www.it.tarnow.pl\/","name":"Tarnowskie Centrum Informacji","description":"Informacja turystyczna o Tarnowie i regionie tarnowskim.","potentialAction":[{"@type":"SearchAction","target":{"@type":"EntryPoint","urlTemplate":"https:\/\/www.it.tarnow.pl\/?s={search_term_string}"},"query-input":{"@type":"PropertyValueSpecification","valueRequired":true,"valueName":"search_term_string"}}],"inLanguage":"de"}]}},"_links":{"self":[{"href":"https:\/\/www.it.tarnow.pl\/de\/wp-json\/wp\/v2\/pages\/9795","targetHints":{"allow":["GET"]}}],"collection":[{"href":"https:\/\/www.it.tarnow.pl\/de\/wp-json\/wp\/v2\/pages"}],"about":[{"href":"https:\/\/www.it.tarnow.pl\/de\/wp-json\/wp\/v2\/types\/page"}],"author":[{"embeddable":true,"href":"https:\/\/www.it.tarnow.pl\/de\/wp-json\/wp\/v2\/users\/1"}],"replies":[{"embeddable":true,"href":"https:\/\/www.it.tarnow.pl\/de\/wp-json\/wp\/v2\/comments?post=9795"}],"version-history":[{"count":0,"href":"https:\/\/www.it.tarnow.pl\/de\/wp-json\/wp\/v2\/pages\/9795\/revisions"}],"up":[{"embeddable":true,"href":"https:\/\/www.it.tarnow.pl\/de\/wp-json\/wp\/v2\/pages\/9794"}],"wp:attachment":[{"href":"https:\/\/www.it.tarnow.pl\/de\/wp-json\/wp\/v2\/media?parent=9795"}],"wp:term":[{"taxonomy":"post_tag","embeddable":true,"href":"https:\/\/www.it.tarnow.pl\/de\/wp-json\/wp\/v2\/tags?post=9795"}],"curies":[{"name":"wp","href":"https:\/\/api.w.org\/{rel}","templated":true}]}}