{"id":9792,"date":"2009-11-30T14:15:53","date_gmt":"2009-11-30T13:15:53","guid":{"rendered":"http:\/\/www.it.tarnow.pl\/es-ist-sehenswert\/"},"modified":"2019-04-03T15:16:49","modified_gmt":"2019-04-03T13:16:49","slug":"es-ist-sehenswert","status":"publish","type":"page","link":"https:\/\/www.it.tarnow.pl\/de\/es-ist-sehenswert\/","title":{"rendered":"Es ist sehenswert"},"content":{"rendered":"<div class=\"class-view-folder\"><p class=\"title\"><a href=\"https:\/\/www.it.tarnow.pl\/de\/es-ist-sehenswert\/tarnow-13\/\">Tarn\u00f3w<\/a><\/p><p class=\"text\"><p><img loading=\"lazy\" decoding=\"async\" class=\"alignleft wp-image-205345 size-medium\" src=\"http:\/\/www.it.tarnow.pl\/wp-content\/uploads\/2021\/06\/Tarn\u00f3w-Rynek-1-400x267.jpg\" alt=\"\" width=\"400\" height=\"267\" \/><\/p>\n<p>Wer nur einmal Tarn\u00f3w gesehen hat, kann dem unwiederholbaren Reiz der galizischen Atmosph\u00e4re nicht widerstehen. Das verdankt die Stadt nicht nur der besonderen Sch\u00f6nheit der Altstadt, in der mittelalterliche Stra\u00dfen, Gotik- und Renaissancebauten und Fragmente der Festigungsmauer erhalten blieben, sondern auch dem Geist, der \u00e4ltere St\u00e4dte im S\u00fcden von den anderen Polens unterscheidet.<\/p>\n<p>Wenn man durch die Tarnower Stra\u00dfen spazieren geht, kann man im B\u00fcrgersteig einzelne Steine des farbenpr\u00e4chtigen Mosaiks bemerken.<\/p>\n<\/p><\/div>  \n<div class=\"class-view-folder\"><p class=\"title\"><a href=\"https:\/\/www.it.tarnow.pl\/de\/es-ist-sehenswert\/holzarchitektur\/\">Holzarchitektur<\/a><\/p><p class=\"text\"><p><img loading=\"lazy\" decoding=\"async\" width=\"400\" height=\"300\" class=\"size-medium alignleft wp-image-21095\" src=\"http:\/\/www.it.tarnow.pl\/wp-content\/uploads\/2019\/02\/Skrzyszow-Kosciol-p.w.-sw.-Stanislawa-Biskupa-2-400x300.jpg\" alt=\"\" srcset=\"https:\/\/www.it.tarnow.pl\/wp-content\/uploads\/2019\/02\/Skrzyszow-Kosciol-p.w.-sw.-Stanislawa-Biskupa-2-400x300.jpg 400w, https:\/\/www.it.tarnow.pl\/wp-content\/uploads\/2019\/02\/Skrzyszow-Kosciol-p.w.-sw.-Stanislawa-Biskupa-2-768x576.jpg 768w, https:\/\/www.it.tarnow.pl\/wp-content\/uploads\/2019\/02\/Skrzyszow-Kosciol-p.w.-sw.-Stanislawa-Biskupa-2-650x488.jpg 650w, https:\/\/www.it.tarnow.pl\/wp-content\/uploads\/2019\/02\/Skrzyszow-Kosciol-p.w.-sw.-Stanislawa-Biskupa-2-300x225.jpg 300w, https:\/\/www.it.tarnow.pl\/wp-content\/uploads\/2019\/02\/Skrzyszow-Kosciol-p.w.-sw.-Stanislawa-Biskupa-2.jpg 1024w\" sizes=\"auto, (max-width: 400px) 100vw, 400px\" \/><\/p>\n<p>Pr\u00e4chtige Holzarchitektur kann man in der Malopolska Region reichlich finden. Wir w\u00fcrden Sie gerne auf eine Tour durch die einzigartigen und wundersch\u00f6nen Holzstrukturen inmitten der Stadt Tarnows, den umliegenden St\u00e4dten und D\u00f6rfern einladen. H\u00fctten, Herrenh\u00e4user und Kirchen verkn\u00fcpft das Baumaterial \u2013 das Holz; Dutzende der Kirchen, die zwischen den Fl\u00fcssen Raba und Wisloka liegen, sind gut erhalten geblieben. Die \u00e4lteste und gr\u00f6\u00dfte Anzahl kommt aus dem 15. Jh. Sie zeigen die Verbundenheit mit der Religion und der Tradition. Obwohl viele dieser Kirchen sehr alt sind, gibt es modernere, die im 20. Jh. erbaut wurden. Viele von ihnen sind einschiffig, haben Spitzd\u00e4cher und sind mit Schindel oder Blech bedeckt. Die meisten Kirchen besitzen von der westlichen Seite T\u00fcrme mit Arkaden, die den Pilgern Schutz boten.<\/p>\n<\/p><\/div>  \n<div class=\"class-view-folder\"><p class=\"title\"><a href=\"https:\/\/www.it.tarnow.pl\/de\/es-ist-sehenswert\/schlosser-und-festungen\/\">Schl\u00f6sser und Festungen<\/a><\/p><p class=\"text\"><p><img loading=\"lazy\" decoding=\"async\" width=\"400\" height=\"300\" class=\"size-medium alignleft wp-image-21117\" src=\"http:\/\/www.it.tarnow.pl\/wp-content\/uploads\/2019\/02\/Nowy-Wisnicz-Zamek-4-400x300.jpg\" alt=\"\" srcset=\"https:\/\/www.it.tarnow.pl\/wp-content\/uploads\/2019\/02\/Nowy-Wisnicz-Zamek-4-400x300.jpg 400w, https:\/\/www.it.tarnow.pl\/wp-content\/uploads\/2019\/02\/Nowy-Wisnicz-Zamek-4-768x576.jpg 768w, https:\/\/www.it.tarnow.pl\/wp-content\/uploads\/2019\/02\/Nowy-Wisnicz-Zamek-4-650x488.jpg 650w, https:\/\/www.it.tarnow.pl\/wp-content\/uploads\/2019\/02\/Nowy-Wisnicz-Zamek-4-300x225.jpg 300w, https:\/\/www.it.tarnow.pl\/wp-content\/uploads\/2019\/02\/Nowy-Wisnicz-Zamek-4.jpg 1024w\" sizes=\"auto, (max-width: 400px) 100vw, 400px\" \/><\/p>\n<p>Im \u00f6stlichen Teil der Woiwodschaft Kleinpolen gibt es viele Orte, die die Entdecker unter Ihnen interessieren d\u00fcrften, wie die einzigartigen Landschaften oder architektonischen und historischen Einzigartigkeiten. Hier finden sich geheimnisvolle Pl\u00e4tze, die mit den vielen Legenden verbunden sind. So kann man vielleicht noch das Klappern und Rasseln der bewaffneten Ritter h\u00f6ren. Wir laden herzlich ein zum Besichtigen und Besuchen der Burgen, Festungen und die vor Jahren so herrlichen Erscheinungen der heutigen Ruinen. Einfluss auf den Bau der ersten Burgen in Polen hatten die Entstehung der polnischen Staatsgrenzen und das Aufkommen der starken Rittergeschlechter.<\/p>\n<\/p><\/div>  \n<div class=\"class-view-folder\"><p class=\"title\"><a href=\"https:\/\/www.it.tarnow.pl\/de\/es-ist-sehenswert\/salzbergwerk-bochnia\/\">Salzbergwerk Bochnia<\/a><\/p><p class=\"text\"><img loading=\"lazy\" decoding=\"async\" width=\"150\" height=\"150\" class=\"size-small alignleft wp-image-36039\" src=\"http:\/\/www.it.tarnow.pl\/wp-content\/uploads\/2019\/02\/kopalnia-bochnia-2014-02-1-150x150.jpg\" alt=\"\"><p>Die Salzgrube ist die \u00e4lteste von Polen (\u00e4lter als die Salzgrube in Wieliczka) und zugleich das \u00e4lteste Salzunternehmen, das ununterbrochen seit 750 Jahren in Betrieb ist. Seit ein paar Jahren l\u00e4dt die Salzgrube in Bochnia viele Touristen zur unterirdischen Welt ein. Infolge der T\u00e4tigkeiten der Bergleute entstand hier ein Labyrinth unterirdischer G\u00e4nge und Kammern mit einer L\u00e4nge von 300 m, das bei den Touristen esthetische Eindr\u00fccke hinterl\u00e4sst.<\/p>\n<p>Eine Legende erz\u00e4hlt, dass Salz dank der heiligen Kinga, der Tochter des K\u00f6nigs von Ungarn Bel IV. gefunden wurde, die den Krakauer F\u00fcrsten Boleslaus heiratete. Kinga w\u00fcnschte sich von seinem Vater als Mitgift weder Gold noch wertvolle Steine, sondern nur Salz.<\/p><\/p><\/div>  \n<div class=\"class-view-folder\"><p class=\"title\"><a href=\"https:\/\/www.it.tarnow.pl\/de\/es-ist-sehenswert\/die-natur\/\">Die Natur<\/a><\/p><p class=\"text\"><img loading=\"lazy\" decoding=\"async\" width=\"400\" height=\"300\" class=\"size-medium alignleft wp-image-21123\" src=\"http:\/\/www.it.tarnow.pl\/wp-content\/uploads\/2019\/02\/Ciezkowice-Skamieniale-Miasto-2-400x300.jpg\" alt=\"\" srcset=\"https:\/\/www.it.tarnow.pl\/wp-content\/uploads\/2019\/02\/Ciezkowice-Skamieniale-Miasto-2-400x300.jpg 400w, https:\/\/www.it.tarnow.pl\/wp-content\/uploads\/2019\/02\/Ciezkowice-Skamieniale-Miasto-2-768x576.jpg 768w, https:\/\/www.it.tarnow.pl\/wp-content\/uploads\/2019\/02\/Ciezkowice-Skamieniale-Miasto-2-650x488.jpg 650w, https:\/\/www.it.tarnow.pl\/wp-content\/uploads\/2019\/02\/Ciezkowice-Skamieniale-Miasto-2-300x225.jpg 300w, https:\/\/www.it.tarnow.pl\/wp-content\/uploads\/2019\/02\/Ciezkowice-Skamieniale-Miasto-2.jpg 1024w\" sizes=\"auto, (max-width: 400px) 100vw, 400px\" \/><p>Die \"Steinstadt\" - ist ein Reservat von kunsvollen, nat\u00fcrlichen Fels- Formationen, die im Jahre 1948 am Abhang der Skala (367m n.p.m.), auf einem 15ha grossen Gebiet entstanden. Die malerischen H\u00e4rtlinge(einzelne Felsen), geformt aus dem grobk\u00f6rngen Sandstein, sowie der umliegende gemischte Wald sind naturgesch\u00fctzt. Im Gegensatz zu anderen Orten in Pogorze, an denen H\u00e4rtlinge auftauchen, gibt es in der \"Steinstadt\" das gr\u00f6sste Komplex von ihnen auf einer vergleichbar kleinen Fl\u00e4che. Zusammen aus der Anzahl an H\u00e4rtlingen gehen ungew\u00f6hnlicherweise interessante Formen hervor- das Resutat ist ein stimmungsvoller Faktorvorgang: Regen, Wind oder Frost.<\/p><\/p><\/div>  \n<div class=\"class-view-folder\"><p class=\"title\"><a href=\"https:\/\/www.it.tarnow.pl\/de\/es-ist-sehenswert\/ethnographie-das-volk\/\">Ethnographie &amp; das Volk<\/a><\/p><p class=\"text\"><p><img loading=\"lazy\" decoding=\"async\" width=\"400\" height=\"300\" class=\"size-medium alignleft wp-image-22480\" src=\"http:\/\/www.it.tarnow.pl\/wp-content\/uploads\/2019\/02\/Zalipie-Malowana-Wies-7-400x300.jpg\" alt=\"\" srcset=\"https:\/\/www.it.tarnow.pl\/wp-content\/uploads\/2019\/02\/Zalipie-Malowana-Wies-7-400x300.jpg 400w, https:\/\/www.it.tarnow.pl\/wp-content\/uploads\/2019\/02\/Zalipie-Malowana-Wies-7-768x576.jpg 768w, https:\/\/www.it.tarnow.pl\/wp-content\/uploads\/2019\/02\/Zalipie-Malowana-Wies-7-650x488.jpg 650w, https:\/\/www.it.tarnow.pl\/wp-content\/uploads\/2019\/02\/Zalipie-Malowana-Wies-7-300x225.jpg 300w, https:\/\/www.it.tarnow.pl\/wp-content\/uploads\/2019\/02\/Zalipie-Malowana-Wies-7.jpg 1024w\" sizes=\"auto, (max-width: 400px) 100vw, 400px\" \/><\/p>\n<p>W\u00e4hrend wir in einer Welt leben, die sich schnell ver\u00e4ndert, suchen wir nach der Weisheit und dem Wissen unserer Urahnen. Es gibt viele Orte der Tarnowischen Region, in denen die Br\u00e4uche und Gewohnheiten der Vergangenheit immernoch gelebt werden. Am Palmsonntag (der Sonntag, eine Woche vor Ostern) findet der Palmen-Wettbewerb in Lipnica Murowana statt. Handgemachte Palmen reichen bis zu 38 Metern in die H\u00f6he. Es gibt auch ein &#8222;bemaltes Dorf&#8220; in Zalipie; eine Pr\u00e4sentation, die die traditionale Art Brot zu backen zeigt, kann in Jastrzebia besucht werden, in der N\u00e4he von Ciezkowice; eine einzigartge Ausstellung der Geschichte und Kultur der Zigeuner, welche die einzige dieser Art in Europa ist, kann man im Ethnographischen Museum in Tarnow bewundern.<\/p>\n<\/p><\/div>  \n<div class=\"class-view-folder\"><p class=\"title\"><a href=\"https:\/\/www.it.tarnow.pl\/de\/es-ist-sehenswert\/die-sehenswurdigkeiten-der-judischen-kultur\/\">Die Sehensw\u00fcrdigkeiten der j\u00fcdischen Kultur<\/a><\/p><p class=\"text\"><img loading=\"lazy\" decoding=\"async\" width=\"400\" height=\"300\" class=\"size-medium alignleft wp-image-21376\" src=\"http:\/\/www.it.tarnow.pl\/wp-content\/uploads\/2019\/02\/TARNOW-Cmentarz-zydowski-03-400x300.jpg\" alt=\"\" srcset=\"https:\/\/www.it.tarnow.pl\/wp-content\/uploads\/2019\/02\/TARNOW-Cmentarz-zydowski-03-400x300.jpg 400w, https:\/\/www.it.tarnow.pl\/wp-content\/uploads\/2019\/02\/TARNOW-Cmentarz-zydowski-03-768x576.jpg 768w, https:\/\/www.it.tarnow.pl\/wp-content\/uploads\/2019\/02\/TARNOW-Cmentarz-zydowski-03-650x488.jpg 650w, https:\/\/www.it.tarnow.pl\/wp-content\/uploads\/2019\/02\/TARNOW-Cmentarz-zydowski-03-300x225.jpg 300w, https:\/\/www.it.tarnow.pl\/wp-content\/uploads\/2019\/02\/TARNOW-Cmentarz-zydowski-03.jpg 1024w\" sizes=\"auto, (max-width: 400px) 100vw, 400px\" \/><p><b>Baczk\u00f3w<\/b> - Am Rande des Niepo\u0142omicki Urwaldes befindet sich ein Grabdenkmal zum Gedenken an von Deutschen ermordeten Menschen haupts\u00e4chlich \u00c4ltere und Kinder im Rahmen einer Aussiedlungsaktion. F\u00fcnf Betonplatten bedecken ihre Grabdenkm\u00e4ler. In der mittleren hat man eine senkrecht stehende Stele errichtet in der Form von Mazzeva, versehen mit polnischen und hebr\u00e4ischen Inschriften.<\/p>\n<p> <b>Bobowa<\/b> - eines der Zentren der chassidischen Religion . Hier finden wir eine gut erhaltene Mauersynagoge aus der H\u00e4lfte des 18. Jahrhundert. Es gibt hier auch einen Friedhof mit teilweise erhaltenen Grabdenkm\u00e4lern und ein paar Gedenktafel...<\/p><\/p><\/div>  \n<div class=\"class-view-folder\"><p class=\"title\"><a href=\"https:\/\/www.it.tarnow.pl\/de\/es-ist-sehenswert\/aktiver-tourismus\/\">Aktiver Tourismus<\/a><\/p><p class=\"text\"><img loading=\"lazy\" decoding=\"async\" width=\"400\" height=\"267\" class=\"size-medium alignleft wp-image-25477\" src=\"http:\/\/www.it.tarnow.pl\/wp-content\/uploads\/2019\/02\/Sciana-wspinaczkowa-TOSIR-2012-17-400x267.jpg\" alt=\"\" srcset=\"https:\/\/www.it.tarnow.pl\/wp-content\/uploads\/2019\/02\/Sciana-wspinaczkowa-TOSIR-2012-17-400x267.jpg 400w, https:\/\/www.it.tarnow.pl\/wp-content\/uploads\/2019\/02\/Sciana-wspinaczkowa-TOSIR-2012-17-768x512.jpg 768w, https:\/\/www.it.tarnow.pl\/wp-content\/uploads\/2019\/02\/Sciana-wspinaczkowa-TOSIR-2012-17-650x433.jpg 650w, https:\/\/www.it.tarnow.pl\/wp-content\/uploads\/2019\/02\/Sciana-wspinaczkowa-TOSIR-2012-17-300x200.jpg 300w, https:\/\/www.it.tarnow.pl\/wp-content\/uploads\/2019\/02\/Sciana-wspinaczkowa-TOSIR-2012-17.jpg 800w\" sizes=\"auto, (max-width: 400px) 100vw, 400px\" \/><p>Laut einer polnischen Monatszeitschrift ist Tarn\u00f3w als die ges\u00fcndeste Stadt f\u00fcr die M\u00e4nner in Polen bekannt. Diese Einsch\u00e4tzung basiert auf dem Freizeitsportst\u00fctzpunkt der Stadt. Tarn\u00f3w und die Tarnower Region ist auch ein hervorragender Ort f\u00fcr solche Menschen, die nicht sitzen bleiben k\u00f6nnen.<\/p><\/p><\/div>","protected":false},"excerpt":{"rendered":"","protected":false},"author":1,"featured_media":0,"parent":0,"menu_order":438,"comment_status":"closed","ping_status":"closed","template":"","meta":{"_acf_changed":false,"footnotes":""},"tags":[],"class_list":["post-9792","page","type-page","status-publish","hentry"],"acf":{"in_menu":null,"show_date":null,"intro_text":"","map":null},"yoast_head":"<!-- This site is optimized with the Yoast SEO Premium plugin v25.4 (Yoast SEO v25.4) - https:\/\/yoast.com\/wordpress\/plugins\/seo\/ -->\n<title>Es ist sehenswert - Tarnowskie Centrum Informacji<\/title>\n<meta name=\"robots\" content=\"index, follow, max-snippet:-1, max-image-preview:large, max-video-preview:-1\" \/>\n<link rel=\"canonical\" href=\"https:\/\/www.it.tarnow.pl\/de\/es-ist-sehenswert\/\" \/>\n<meta property=\"og:locale\" content=\"de_DE\" \/>\n<meta property=\"og:type\" content=\"article\" \/>\n<meta property=\"og:title\" content=\"Es ist sehenswert\" \/>\n<meta property=\"og:url\" content=\"https:\/\/www.it.tarnow.pl\/de\/es-ist-sehenswert\/\" \/>\n<meta property=\"og:site_name\" content=\"Tarnowskie Centrum Informacji\" \/>\n<meta property=\"article:modified_time\" content=\"2019-04-03T13:16:49+00:00\" \/>\n<meta name=\"twitter:card\" content=\"summary_large_image\" \/>\n<script type=\"application\/ld+json\" class=\"yoast-schema-graph\">{\"@context\":\"https:\/\/schema.org\",\"@graph\":[{\"@type\":\"WebPage\",\"@id\":\"https:\/\/www.it.tarnow.pl\/de\/es-ist-sehenswert\/\",\"url\":\"https:\/\/www.it.tarnow.pl\/de\/es-ist-sehenswert\/\",\"name\":\"Es ist sehenswert - Tarnowskie Centrum Informacji\",\"isPartOf\":{\"@id\":\"https:\/\/www.it.tarnow.pl\/#website\"},\"datePublished\":\"2009-11-30T13:15:53+00:00\",\"dateModified\":\"2019-04-03T13:16:49+00:00\",\"breadcrumb\":{\"@id\":\"https:\/\/www.it.tarnow.pl\/de\/es-ist-sehenswert\/#breadcrumb\"},\"inLanguage\":\"de\",\"potentialAction\":[{\"@type\":\"ReadAction\",\"target\":[\"https:\/\/www.it.tarnow.pl\/de\/es-ist-sehenswert\/\"]}]},{\"@type\":\"BreadcrumbList\",\"@id\":\"https:\/\/www.it.tarnow.pl\/de\/es-ist-sehenswert\/#breadcrumb\",\"itemListElement\":[{\"@type\":\"ListItem\",\"position\":1,\"name\":\"Homepage\",\"item\":\"https:\/\/www.it.tarnow.pl\/de\/\"},{\"@type\":\"ListItem\",\"position\":2,\"name\":\"Es ist sehenswert\"}]},{\"@type\":\"WebSite\",\"@id\":\"https:\/\/www.it.tarnow.pl\/#website\",\"url\":\"https:\/\/www.it.tarnow.pl\/\",\"name\":\"Tarnowskie Centrum Informacji\",\"description\":\"Informacja turystyczna o Tarnowie i regionie tarnowskim.\",\"potentialAction\":[{\"@type\":\"SearchAction\",\"target\":{\"@type\":\"EntryPoint\",\"urlTemplate\":\"https:\/\/www.it.tarnow.pl\/?s={search_term_string}\"},\"query-input\":{\"@type\":\"PropertyValueSpecification\",\"valueRequired\":true,\"valueName\":\"search_term_string\"}}],\"inLanguage\":\"de\"}]}<\/script>\n<!-- \/ Yoast SEO Premium plugin. -->","yoast_head_json":{"title":"Es ist sehenswert - Tarnowskie Centrum Informacji","robots":{"index":"index","follow":"follow","max-snippet":"max-snippet:-1","max-image-preview":"max-image-preview:large","max-video-preview":"max-video-preview:-1"},"canonical":"https:\/\/www.it.tarnow.pl\/de\/es-ist-sehenswert\/","og_locale":"de_DE","og_type":"article","og_title":"Es ist sehenswert","og_url":"https:\/\/www.it.tarnow.pl\/de\/es-ist-sehenswert\/","og_site_name":"Tarnowskie Centrum Informacji","article_modified_time":"2019-04-03T13:16:49+00:00","twitter_card":"summary_large_image","schema":{"@context":"https:\/\/schema.org","@graph":[{"@type":"WebPage","@id":"https:\/\/www.it.tarnow.pl\/de\/es-ist-sehenswert\/","url":"https:\/\/www.it.tarnow.pl\/de\/es-ist-sehenswert\/","name":"Es ist sehenswert - Tarnowskie Centrum Informacji","isPartOf":{"@id":"https:\/\/www.it.tarnow.pl\/#website"},"datePublished":"2009-11-30T13:15:53+00:00","dateModified":"2019-04-03T13:16:49+00:00","breadcrumb":{"@id":"https:\/\/www.it.tarnow.pl\/de\/es-ist-sehenswert\/#breadcrumb"},"inLanguage":"de","potentialAction":[{"@type":"ReadAction","target":["https:\/\/www.it.tarnow.pl\/de\/es-ist-sehenswert\/"]}]},{"@type":"BreadcrumbList","@id":"https:\/\/www.it.tarnow.pl\/de\/es-ist-sehenswert\/#breadcrumb","itemListElement":[{"@type":"ListItem","position":1,"name":"Homepage","item":"https:\/\/www.it.tarnow.pl\/de\/"},{"@type":"ListItem","position":2,"name":"Es ist sehenswert"}]},{"@type":"WebSite","@id":"https:\/\/www.it.tarnow.pl\/#website","url":"https:\/\/www.it.tarnow.pl\/","name":"Tarnowskie Centrum Informacji","description":"Informacja turystyczna o Tarnowie i regionie tarnowskim.","potentialAction":[{"@type":"SearchAction","target":{"@type":"EntryPoint","urlTemplate":"https:\/\/www.it.tarnow.pl\/?s={search_term_string}"},"query-input":{"@type":"PropertyValueSpecification","valueRequired":true,"valueName":"search_term_string"}}],"inLanguage":"de"}]}},"_links":{"self":[{"href":"https:\/\/www.it.tarnow.pl\/de\/wp-json\/wp\/v2\/pages\/9792","targetHints":{"allow":["GET"]}}],"collection":[{"href":"https:\/\/www.it.tarnow.pl\/de\/wp-json\/wp\/v2\/pages"}],"about":[{"href":"https:\/\/www.it.tarnow.pl\/de\/wp-json\/wp\/v2\/types\/page"}],"author":[{"embeddable":true,"href":"https:\/\/www.it.tarnow.pl\/de\/wp-json\/wp\/v2\/users\/1"}],"replies":[{"embeddable":true,"href":"https:\/\/www.it.tarnow.pl\/de\/wp-json\/wp\/v2\/comments?post=9792"}],"version-history":[{"count":0,"href":"https:\/\/www.it.tarnow.pl\/de\/wp-json\/wp\/v2\/pages\/9792\/revisions"}],"wp:attachment":[{"href":"https:\/\/www.it.tarnow.pl\/de\/wp-json\/wp\/v2\/media?parent=9792"}],"wp:term":[{"taxonomy":"post_tag","embeddable":true,"href":"https:\/\/www.it.tarnow.pl\/de\/wp-json\/wp\/v2\/tags?post=9792"}],"curies":[{"name":"wp","href":"https:\/\/api.w.org\/{rel}","templated":true}]}}