{"id":199192,"date":"2021-02-22T11:39:29","date_gmt":"2021-02-22T10:39:29","guid":{"rendered":"http:\/\/www.it.tarnow.pl\/?page_id=199192"},"modified":"2021-11-20T15:19:59","modified_gmt":"2021-11-20T14:19:59","slug":"enotarnowskie","status":"publish","type":"page","link":"https:\/\/www.it.tarnow.pl\/de\/es-ist-sehenswert\/enotarnowskie\/","title":{"rendered":"Enotarnowskie"},"content":{"rendered":"<p><a href=\"http:\/\/www.it.tarnow.pl\/wp-content\/uploads\/2019\/02\/2015.10.03_Winnica_Janowice_DSC_0302_1-Kopia.jpg\"><img loading=\"lazy\" decoding=\"async\" class=\"aligncenter size-large wp-image-77357\" src=\"http:\/\/www.it.tarnow.pl\/wp-content\/uploads\/2019\/02\/2015.10.03_Winnica_Janowice_DSC_0302_1-Kopia-1024x678.jpg\" alt=\"\" width=\"650\" height=\"430\" srcset=\"https:\/\/www.it.tarnow.pl\/wp-content\/uploads\/2019\/02\/2015.10.03_Winnica_Janowice_DSC_0302_1-Kopia-1024x678.jpg 1024w, https:\/\/www.it.tarnow.pl\/wp-content\/uploads\/2019\/02\/2015.10.03_Winnica_Janowice_DSC_0302_1-Kopia-300x199.jpg 300w, https:\/\/www.it.tarnow.pl\/wp-content\/uploads\/2019\/02\/2015.10.03_Winnica_Janowice_DSC_0302_1-Kopia-768x508.jpg 768w, https:\/\/www.it.tarnow.pl\/wp-content\/uploads\/2019\/02\/2015.10.03_Winnica_Janowice_DSC_0302_1-Kopia.jpg 1160w\" sizes=\"auto, (max-width: 650px) 100vw, 650px\" \/><\/a><\/p>\r\n<p>Ma\u0142opolska (Kleinpolen) ist eine der sich am dynamischsten entwickelten Weinregionen in Polen und eben hier\u00a0 sind die meisten Weinberge registriert. Die Region um Tarn\u00f3w wird manchmal als \u201ePolnische Toskana\u201c bezeichnet. Hier befinden sich die meisten Weinberge der <br \/>\r\nWeinstra\u00dfe in Kleinpolen. Eine Reise entlang der Weinstra\u00dfe schafft die Gelegenheit den k\u00f6stlichen Wein und die lokalen Produkte wie K\u00e4se, Aufschnitt oder Brot zu probieren.<\/p>\r\n<p><a href=\"http:\/\/www.it.tarnow.pl\/wp-content\/uploads\/2019\/02\/2015.10.03_Winnica_Janowice_DSC_0283_1-Kopia.jpg\"><img loading=\"lazy\" decoding=\"async\" class=\"aligncenter size-large wp-image-77362\" src=\"http:\/\/www.it.tarnow.pl\/wp-content\/uploads\/2019\/02\/2015.10.03_Winnica_Janowice_DSC_0283_1-Kopia-1024x678.jpg\" alt=\"\" width=\"650\" height=\"430\" srcset=\"https:\/\/www.it.tarnow.pl\/wp-content\/uploads\/2019\/02\/2015.10.03_Winnica_Janowice_DSC_0283_1-Kopia-1024x678.jpg 1024w, https:\/\/www.it.tarnow.pl\/wp-content\/uploads\/2019\/02\/2015.10.03_Winnica_Janowice_DSC_0283_1-Kopia-300x199.jpg 300w, https:\/\/www.it.tarnow.pl\/wp-content\/uploads\/2019\/02\/2015.10.03_Winnica_Janowice_DSC_0283_1-Kopia-768x508.jpg 768w, https:\/\/www.it.tarnow.pl\/wp-content\/uploads\/2019\/02\/2015.10.03_Winnica_Janowice_DSC_0283_1-Kopia.jpg 1160w\" sizes=\"auto, (max-width: 650px) 100vw, 650px\" \/><\/a><\/p>\r\n<p>Mehr \u00fcber Enotarnowskie und Weinberge finden Sie unter:<\/p>\r\n<p><a href=\"http:\/\/www.enotarnowskie.pl\/\">www.enotarnowskie.pl<\/a><\/p>\r\n<p>Endecken Sie \u201ePolnische Toskana\u201c mit dem Fahrrad!<\/p>\r\n<p><a href=\"http:\/\/www.enovelo.pl\/\">www.enovelo.pl<\/a><\/p>\r\n<p><img loading=\"lazy\" decoding=\"async\" class=\"aligncenter wp-image-207116 size-large\" src=\"http:\/\/www.it.tarnow.pl\/wp-content\/uploads\/2021\/07\/Og\u00f3rkiem-na-winnice-EnoTarnowskie-2021-17-650x433.jpg\" alt=\"\" width=\"650\" height=\"433\" \/><\/p>","protected":false},"excerpt":{"rendered":"Ma\u0142opolska (Kleinpolen) ist eine der sich am dynamischsten entwickelten Weinregionen in Polen und eben hier\u00a0 sind die meisten Weinberge registriert. Die Region um Tarn\u00f3w wird manchmal als \u201ePolnische Toskana\u201c bezeichnet. [&hellip;]","protected":false},"author":13,"featured_media":0,"parent":9792,"menu_order":323,"comment_status":"closed","ping_status":"closed","template":"","meta":{"_acf_changed":false,"footnotes":""},"tags":[],"class_list":["post-199192","page","type-page","status-publish","hentry"],"acf":{"in_menu":true,"show_date":false,"intro_text":"","map":"","old_id":"","rooms_info":"","old_object_id":"","old_parent_id":"","old_url":"","top_column":"","left_column":"","right_column":"","bottom_column":"","show_children":"","class":"","type":"","skip_import":false,"_menu_related_id":"199194"},"yoast_head":"<!-- This site is optimized with the Yoast SEO Premium plugin v25.4 (Yoast SEO v25.4) - https:\/\/yoast.com\/wordpress\/plugins\/seo\/ -->\n<title>Enotarnowskie - Tarnowskie Centrum Informacji<\/title>\n<meta name=\"robots\" content=\"index, follow, max-snippet:-1, max-image-preview:large, max-video-preview:-1\" \/>\n<link rel=\"canonical\" href=\"https:\/\/www.it.tarnow.pl\/de\/es-ist-sehenswert\/enotarnowskie\/\" \/>\n<meta property=\"og:locale\" content=\"de_DE\" \/>\n<meta property=\"og:type\" content=\"article\" \/>\n<meta property=\"og:title\" content=\"Enotarnowskie\" \/>\n<meta property=\"og:description\" content=\"Ma\u0142opolska (Kleinpolen) ist eine der sich am dynamischsten entwickelten Weinregionen in Polen und eben hier\u00a0 sind die meisten Weinberge registriert. Die Region um Tarn\u00f3w wird manchmal als \u201ePolnische Toskana\u201c bezeichnet. [&hellip;]\" \/>\n<meta property=\"og:url\" content=\"https:\/\/www.it.tarnow.pl\/de\/es-ist-sehenswert\/enotarnowskie\/\" \/>\n<meta property=\"og:site_name\" content=\"Tarnowskie Centrum Informacji\" \/>\n<meta property=\"article:modified_time\" content=\"2021-11-20T14:19:59+00:00\" \/>\n<meta property=\"og:image\" content=\"http:\/\/www.it.tarnow.pl\/wp-content\/uploads\/2019\/02\/2015.10.03_Winnica_Janowice_DSC_0302_1-Kopia-1024x678.jpg\" \/>\n<meta name=\"twitter:card\" content=\"summary_large_image\" \/>\n<script type=\"application\/ld+json\" class=\"yoast-schema-graph\">{\"@context\":\"https:\/\/schema.org\",\"@graph\":[{\"@type\":\"WebPage\",\"@id\":\"https:\/\/www.it.tarnow.pl\/de\/es-ist-sehenswert\/enotarnowskie\/\",\"url\":\"https:\/\/www.it.tarnow.pl\/de\/es-ist-sehenswert\/enotarnowskie\/\",\"name\":\"Enotarnowskie - Tarnowskie Centrum Informacji\",\"isPartOf\":{\"@id\":\"https:\/\/www.it.tarnow.pl\/#website\"},\"primaryImageOfPage\":{\"@id\":\"https:\/\/www.it.tarnow.pl\/de\/es-ist-sehenswert\/enotarnowskie\/#primaryimage\"},\"image\":{\"@id\":\"https:\/\/www.it.tarnow.pl\/de\/es-ist-sehenswert\/enotarnowskie\/#primaryimage\"},\"thumbnailUrl\":\"http:\/\/www.it.tarnow.pl\/wp-content\/uploads\/2019\/02\/2015.10.03_Winnica_Janowice_DSC_0302_1-Kopia-1024x678.jpg\",\"datePublished\":\"2021-02-22T10:39:29+00:00\",\"dateModified\":\"2021-11-20T14:19:59+00:00\",\"breadcrumb\":{\"@id\":\"https:\/\/www.it.tarnow.pl\/de\/es-ist-sehenswert\/enotarnowskie\/#breadcrumb\"},\"inLanguage\":\"de\",\"potentialAction\":[{\"@type\":\"ReadAction\",\"target\":[\"https:\/\/www.it.tarnow.pl\/de\/es-ist-sehenswert\/enotarnowskie\/\"]}]},{\"@type\":\"ImageObject\",\"inLanguage\":\"de\",\"@id\":\"https:\/\/www.it.tarnow.pl\/de\/es-ist-sehenswert\/enotarnowskie\/#primaryimage\",\"url\":\"http:\/\/www.it.tarnow.pl\/wp-content\/uploads\/2019\/02\/2015.10.03_Winnica_Janowice_DSC_0302_1-Kopia-1024x678.jpg\",\"contentUrl\":\"http:\/\/www.it.tarnow.pl\/wp-content\/uploads\/2019\/02\/2015.10.03_Winnica_Janowice_DSC_0302_1-Kopia-1024x678.jpg\"},{\"@type\":\"BreadcrumbList\",\"@id\":\"https:\/\/www.it.tarnow.pl\/de\/es-ist-sehenswert\/enotarnowskie\/#breadcrumb\",\"itemListElement\":[{\"@type\":\"ListItem\",\"position\":1,\"name\":\"Homepage\",\"item\":\"https:\/\/www.it.tarnow.pl\/de\/\"},{\"@type\":\"ListItem\",\"position\":2,\"name\":\"Es ist sehenswert\",\"item\":\"https:\/\/www.it.tarnow.pl\/de\/es-ist-sehenswert\/\"},{\"@type\":\"ListItem\",\"position\":3,\"name\":\"Enotarnowskie\"}]},{\"@type\":\"WebSite\",\"@id\":\"https:\/\/www.it.tarnow.pl\/#website\",\"url\":\"https:\/\/www.it.tarnow.pl\/\",\"name\":\"Tarnowskie Centrum Informacji\",\"description\":\"Informacja turystyczna o Tarnowie i regionie tarnowskim.\",\"potentialAction\":[{\"@type\":\"SearchAction\",\"target\":{\"@type\":\"EntryPoint\",\"urlTemplate\":\"https:\/\/www.it.tarnow.pl\/?s={search_term_string}\"},\"query-input\":{\"@type\":\"PropertyValueSpecification\",\"valueRequired\":true,\"valueName\":\"search_term_string\"}}],\"inLanguage\":\"de\"}]}<\/script>\n<!-- \/ Yoast SEO Premium plugin. -->","yoast_head_json":{"title":"Enotarnowskie - Tarnowskie Centrum Informacji","robots":{"index":"index","follow":"follow","max-snippet":"max-snippet:-1","max-image-preview":"max-image-preview:large","max-video-preview":"max-video-preview:-1"},"canonical":"https:\/\/www.it.tarnow.pl\/de\/es-ist-sehenswert\/enotarnowskie\/","og_locale":"de_DE","og_type":"article","og_title":"Enotarnowskie","og_description":"Ma\u0142opolska (Kleinpolen) ist eine der sich am dynamischsten entwickelten Weinregionen in Polen und eben hier\u00a0 sind die meisten Weinberge registriert. Die Region um Tarn\u00f3w wird manchmal als \u201ePolnische Toskana\u201c bezeichnet. [&hellip;]","og_url":"https:\/\/www.it.tarnow.pl\/de\/es-ist-sehenswert\/enotarnowskie\/","og_site_name":"Tarnowskie Centrum Informacji","article_modified_time":"2021-11-20T14:19:59+00:00","og_image":[{"url":"http:\/\/www.it.tarnow.pl\/wp-content\/uploads\/2019\/02\/2015.10.03_Winnica_Janowice_DSC_0302_1-Kopia-1024x678.jpg","type":"","width":"","height":""}],"twitter_card":"summary_large_image","schema":{"@context":"https:\/\/schema.org","@graph":[{"@type":"WebPage","@id":"https:\/\/www.it.tarnow.pl\/de\/es-ist-sehenswert\/enotarnowskie\/","url":"https:\/\/www.it.tarnow.pl\/de\/es-ist-sehenswert\/enotarnowskie\/","name":"Enotarnowskie - Tarnowskie Centrum Informacji","isPartOf":{"@id":"https:\/\/www.it.tarnow.pl\/#website"},"primaryImageOfPage":{"@id":"https:\/\/www.it.tarnow.pl\/de\/es-ist-sehenswert\/enotarnowskie\/#primaryimage"},"image":{"@id":"https:\/\/www.it.tarnow.pl\/de\/es-ist-sehenswert\/enotarnowskie\/#primaryimage"},"thumbnailUrl":"http:\/\/www.it.tarnow.pl\/wp-content\/uploads\/2019\/02\/2015.10.03_Winnica_Janowice_DSC_0302_1-Kopia-1024x678.jpg","datePublished":"2021-02-22T10:39:29+00:00","dateModified":"2021-11-20T14:19:59+00:00","breadcrumb":{"@id":"https:\/\/www.it.tarnow.pl\/de\/es-ist-sehenswert\/enotarnowskie\/#breadcrumb"},"inLanguage":"de","potentialAction":[{"@type":"ReadAction","target":["https:\/\/www.it.tarnow.pl\/de\/es-ist-sehenswert\/enotarnowskie\/"]}]},{"@type":"ImageObject","inLanguage":"de","@id":"https:\/\/www.it.tarnow.pl\/de\/es-ist-sehenswert\/enotarnowskie\/#primaryimage","url":"http:\/\/www.it.tarnow.pl\/wp-content\/uploads\/2019\/02\/2015.10.03_Winnica_Janowice_DSC_0302_1-Kopia-1024x678.jpg","contentUrl":"http:\/\/www.it.tarnow.pl\/wp-content\/uploads\/2019\/02\/2015.10.03_Winnica_Janowice_DSC_0302_1-Kopia-1024x678.jpg"},{"@type":"BreadcrumbList","@id":"https:\/\/www.it.tarnow.pl\/de\/es-ist-sehenswert\/enotarnowskie\/#breadcrumb","itemListElement":[{"@type":"ListItem","position":1,"name":"Homepage","item":"https:\/\/www.it.tarnow.pl\/de\/"},{"@type":"ListItem","position":2,"name":"Es ist sehenswert","item":"https:\/\/www.it.tarnow.pl\/de\/es-ist-sehenswert\/"},{"@type":"ListItem","position":3,"name":"Enotarnowskie"}]},{"@type":"WebSite","@id":"https:\/\/www.it.tarnow.pl\/#website","url":"https:\/\/www.it.tarnow.pl\/","name":"Tarnowskie Centrum Informacji","description":"Informacja turystyczna o Tarnowie i regionie tarnowskim.","potentialAction":[{"@type":"SearchAction","target":{"@type":"EntryPoint","urlTemplate":"https:\/\/www.it.tarnow.pl\/?s={search_term_string}"},"query-input":{"@type":"PropertyValueSpecification","valueRequired":true,"valueName":"search_term_string"}}],"inLanguage":"de"}]}},"_links":{"self":[{"href":"https:\/\/www.it.tarnow.pl\/de\/wp-json\/wp\/v2\/pages\/199192","targetHints":{"allow":["GET"]}}],"collection":[{"href":"https:\/\/www.it.tarnow.pl\/de\/wp-json\/wp\/v2\/pages"}],"about":[{"href":"https:\/\/www.it.tarnow.pl\/de\/wp-json\/wp\/v2\/types\/page"}],"author":[{"embeddable":true,"href":"https:\/\/www.it.tarnow.pl\/de\/wp-json\/wp\/v2\/users\/13"}],"replies":[{"embeddable":true,"href":"https:\/\/www.it.tarnow.pl\/de\/wp-json\/wp\/v2\/comments?post=199192"}],"version-history":[{"count":0,"href":"https:\/\/www.it.tarnow.pl\/de\/wp-json\/wp\/v2\/pages\/199192\/revisions"}],"up":[{"embeddable":true,"href":"https:\/\/www.it.tarnow.pl\/de\/wp-json\/wp\/v2\/pages\/9792"}],"wp:attachment":[{"href":"https:\/\/www.it.tarnow.pl\/de\/wp-json\/wp\/v2\/media?parent=199192"}],"wp:term":[{"taxonomy":"post_tag","embeddable":true,"href":"https:\/\/www.it.tarnow.pl\/de\/wp-json\/wp\/v2\/tags?post=199192"}],"curies":[{"name":"wp","href":"https:\/\/api.w.org\/{rel}","templated":true}]}}