{"id":199189,"date":"2021-02-22T11:37:18","date_gmt":"2021-02-22T10:37:18","guid":{"rendered":"http:\/\/www.it.tarnow.pl\/?page_id=199189"},"modified":"2021-02-22T13:29:06","modified_gmt":"2021-02-22T12:29:06","slug":"moscice-ein-garten-bezirk-tarnow","status":"publish","type":"page","link":"https:\/\/www.it.tarnow.pl\/de\/es-ist-sehenswert\/tarnow-13\/moscice-ein-garten-bezirk-tarnow\/","title":{"rendered":"Mo\u015bcice (ein Garten-Bezirk) Tarn\u00f3w"},"content":{"rendered":"<p>Mo\u015bcice wurden aus zwei Gemeinden gegr\u00fcndet &#8211; \u015awierczk\u00f3w und D\u0105br\u00f3wka Infu\u0142acka. Die Urspr\u00fcnge von Mo\u015bcice reichen bis ins Jahr 1927 zur\u00fcck, als am 12. M\u00e4rz beschlossen wurde, in diesen Gebieten die staatliche Stickstoff-Werke (Zak\u0142ady Azotowe) zu errichten. <\/p>\r\n<p><a href=\"http:\/\/www.it.tarnow.pl\/wp-content\/uploads\/2019\/02\/Moscice-66.jpg\"><img loading=\"lazy\" decoding=\"async\" class=\"aligncenter size-full wp-image-22404\" src=\"http:\/\/www.it.tarnow.pl\/wp-content\/uploads\/2019\/02\/Moscice-66.jpg\" alt=\"\" width=\"643\" height=\"356\" srcset=\"https:\/\/www.it.tarnow.pl\/wp-content\/uploads\/2019\/02\/Moscice-66.jpg 643w, https:\/\/www.it.tarnow.pl\/wp-content\/uploads\/2019\/02\/Moscice-66-300x166.jpg 300w\" sizes=\"auto, (max-width: 643px) 100vw, 643px\" \/><\/a><\/p>\r\n<p>Mit der Gr\u00fcndung der Fabrik wurden dort die ersten Wohnsiedlungen gebaut, um die Lebensbedingungen f\u00fcr die Arbeiter zu schaffen. Ein ganzes Stadtviertel Mo\u015bcice sollte der freundliche \u201eGarten-Bezirk\u201d sein, deswegen zeichnet es sich durch viele Gr\u00fcnanlagen aus. Die verschiedenen B\u00e4ume, die an den Alleen wachsen, geben den Stra\u00dfen die Namen, z.B. Lipowa (die Lindenstr.), Jarz\u0119binowa (Ebereschenstr.), Kasztanowa (Kastanienstr.). Der Siedlungsplan erinnert an einen Buchstabe \u201eT\u201d. Die Kwiatkowskiegostrasse trennt das Fabrikgel\u00e4nde und Wohngebiet. Eingeschossige und zweist\u00f6ckige Villen wurden symmetrisch an dem regelm\u00e4\u00dfigen Stra\u00dfennetz gebaut. Das Villenviertel wurde im Jahre 1979 in das Denkmalregister eingetragen.<\/p>\r\n<p><a href=\"http:\/\/www.it.tarnow.pl\/wp-content\/uploads\/2019\/02\/100_9749_1.jpg\"><img loading=\"lazy\" decoding=\"async\" class=\"aligncenter size-full wp-image-22336\" src=\"http:\/\/www.it.tarnow.pl\/wp-content\/uploads\/2019\/02\/100_9749_1.jpg\" alt=\"\" width=\"643\" height=\"482\" srcset=\"https:\/\/www.it.tarnow.pl\/wp-content\/uploads\/2019\/02\/100_9749_1.jpg 643w, https:\/\/www.it.tarnow.pl\/wp-content\/uploads\/2019\/02\/100_9749_1-300x225.jpg 300w\" sizes=\"auto, (max-width: 643px) 100vw, 643px\" \/><\/a><\/p>\r\n<p>Nach einigen Jahren des Bestehens wurden diese Gebiete zu Ehren des Initiators des Baus der Stickstoff-Werke &#8211; des Pr\u00e4sidenten der Republik Polen, Ignacy Mo\u015bcicki &#8211; Mo\u015bcice genannt. Im Laufe der Jahre entwickelte sich dieses Stadtviertel von Tarn\u00f3w &#8211; die Zeit des Krieges, die Nachkriegszeit, die 60er und 70er Jahre &#8211; bis heute brachten neue Elemente der Architektur und Natur in die Landschaft von Mo\u015bcice.<\/p>\r\n<p><a href=\"http:\/\/www.it.tarnow.pl\/wp-content\/uploads\/2019\/02\/Moscice-Dom-Chemika.jpg\"><img loading=\"lazy\" decoding=\"async\" class=\"aligncenter size-full wp-image-21843\" src=\"http:\/\/www.it.tarnow.pl\/wp-content\/uploads\/2019\/02\/Moscice-Dom-Chemika.jpg\" alt=\"\" width=\"643\" height=\"428\" srcset=\"https:\/\/www.it.tarnow.pl\/wp-content\/uploads\/2019\/02\/Moscice-Dom-Chemika.jpg 643w, https:\/\/www.it.tarnow.pl\/wp-content\/uploads\/2019\/02\/Moscice-Dom-Chemika-300x200.jpg 300w\" sizes=\"auto, (max-width: 643px) 100vw, 643px\" \/><\/a><\/p>","protected":false},"excerpt":{"rendered":"Mo\u015bcice wurden aus zwei Gemeinden gegr\u00fcndet &#8211; \u015awierczk\u00f3w und D\u0105br\u00f3wka Infu\u0142acka. Die Urspr\u00fcnge von Mo\u015bcice reichen bis ins Jahr 1927 zur\u00fcck, als am 12. M\u00e4rz beschlossen wurde, in diesen Gebieten [&hellip;]","protected":false},"author":13,"featured_media":0,"parent":9807,"menu_order":235,"comment_status":"closed","ping_status":"closed","template":"","meta":{"_acf_changed":false,"footnotes":""},"tags":[],"class_list":["post-199189","page","type-page","status-publish","hentry"],"acf":{"in_menu":true,"show_date":false,"intro_text":"","map":"","old_id":"","rooms_info":"","old_object_id":"","old_parent_id":"","old_url":"","top_column":"","left_column":"","right_column":"","bottom_column":"","show_children":"","class":"","type":"","skip_import":false,"_menu_related_id":"199191"},"yoast_head":"<!-- This site is optimized with the Yoast SEO Premium plugin v25.4 (Yoast SEO v25.4) - https:\/\/yoast.com\/wordpress\/plugins\/seo\/ -->\n<title>Mo\u015bcice (ein Garten-Bezirk) Tarn\u00f3w - Tarnowskie Centrum Informacji<\/title>\n<meta name=\"robots\" content=\"index, follow, max-snippet:-1, max-image-preview:large, max-video-preview:-1\" \/>\n<link rel=\"canonical\" href=\"https:\/\/www.it.tarnow.pl\/de\/es-ist-sehenswert\/tarnow-13\/moscice-ein-garten-bezirk-tarnow\/\" \/>\n<meta property=\"og:locale\" content=\"de_DE\" \/>\n<meta property=\"og:type\" content=\"article\" \/>\n<meta property=\"og:title\" content=\"Mo\u015bcice (ein Garten-Bezirk) Tarn\u00f3w\" \/>\n<meta property=\"og:description\" content=\"Mo\u015bcice wurden aus zwei Gemeinden gegr\u00fcndet &#8211; \u015awierczk\u00f3w und D\u0105br\u00f3wka Infu\u0142acka. Die Urspr\u00fcnge von Mo\u015bcice reichen bis ins Jahr 1927 zur\u00fcck, als am 12. M\u00e4rz beschlossen wurde, in diesen Gebieten [&hellip;]\" \/>\n<meta property=\"og:url\" content=\"https:\/\/www.it.tarnow.pl\/de\/es-ist-sehenswert\/tarnow-13\/moscice-ein-garten-bezirk-tarnow\/\" \/>\n<meta property=\"og:site_name\" content=\"Tarnowskie Centrum Informacji\" \/>\n<meta property=\"article:modified_time\" content=\"2021-02-22T12:29:06+00:00\" \/>\n<meta property=\"og:image\" content=\"http:\/\/www.it.tarnow.pl\/wp-content\/uploads\/2019\/02\/Moscice-66.jpg\" \/>\n<meta name=\"twitter:card\" content=\"summary_large_image\" \/>\n<meta name=\"twitter:label1\" content=\"Gesch\u00e4tzte Lesezeit\" \/>\n\t<meta name=\"twitter:data1\" content=\"1\u00a0Minute\" \/>\n<script type=\"application\/ld+json\" class=\"yoast-schema-graph\">{\"@context\":\"https:\/\/schema.org\",\"@graph\":[{\"@type\":\"WebPage\",\"@id\":\"https:\/\/www.it.tarnow.pl\/de\/es-ist-sehenswert\/tarnow-13\/moscice-ein-garten-bezirk-tarnow\/\",\"url\":\"https:\/\/www.it.tarnow.pl\/de\/es-ist-sehenswert\/tarnow-13\/moscice-ein-garten-bezirk-tarnow\/\",\"name\":\"Mo\u015bcice (ein Garten-Bezirk) Tarn\u00f3w - Tarnowskie Centrum Informacji\",\"isPartOf\":{\"@id\":\"https:\/\/www.it.tarnow.pl\/#website\"},\"primaryImageOfPage\":{\"@id\":\"https:\/\/www.it.tarnow.pl\/de\/es-ist-sehenswert\/tarnow-13\/moscice-ein-garten-bezirk-tarnow\/#primaryimage\"},\"image\":{\"@id\":\"https:\/\/www.it.tarnow.pl\/de\/es-ist-sehenswert\/tarnow-13\/moscice-ein-garten-bezirk-tarnow\/#primaryimage\"},\"thumbnailUrl\":\"http:\/\/www.it.tarnow.pl\/wp-content\/uploads\/2019\/02\/Moscice-66.jpg\",\"datePublished\":\"2021-02-22T10:37:18+00:00\",\"dateModified\":\"2021-02-22T12:29:06+00:00\",\"breadcrumb\":{\"@id\":\"https:\/\/www.it.tarnow.pl\/de\/es-ist-sehenswert\/tarnow-13\/moscice-ein-garten-bezirk-tarnow\/#breadcrumb\"},\"inLanguage\":\"de\",\"potentialAction\":[{\"@type\":\"ReadAction\",\"target\":[\"https:\/\/www.it.tarnow.pl\/de\/es-ist-sehenswert\/tarnow-13\/moscice-ein-garten-bezirk-tarnow\/\"]}]},{\"@type\":\"ImageObject\",\"inLanguage\":\"de\",\"@id\":\"https:\/\/www.it.tarnow.pl\/de\/es-ist-sehenswert\/tarnow-13\/moscice-ein-garten-bezirk-tarnow\/#primaryimage\",\"url\":\"http:\/\/www.it.tarnow.pl\/wp-content\/uploads\/2019\/02\/Moscice-66.jpg\",\"contentUrl\":\"http:\/\/www.it.tarnow.pl\/wp-content\/uploads\/2019\/02\/Moscice-66.jpg\"},{\"@type\":\"BreadcrumbList\",\"@id\":\"https:\/\/www.it.tarnow.pl\/de\/es-ist-sehenswert\/tarnow-13\/moscice-ein-garten-bezirk-tarnow\/#breadcrumb\",\"itemListElement\":[{\"@type\":\"ListItem\",\"position\":1,\"name\":\"Homepage\",\"item\":\"https:\/\/www.it.tarnow.pl\/de\/\"},{\"@type\":\"ListItem\",\"position\":2,\"name\":\"Es ist sehenswert\",\"item\":\"https:\/\/www.it.tarnow.pl\/de\/es-ist-sehenswert\/\"},{\"@type\":\"ListItem\",\"position\":3,\"name\":\"Tarn\u00f3w\",\"item\":\"https:\/\/www.it.tarnow.pl\/de\/es-ist-sehenswert\/tarnow-13\/\"},{\"@type\":\"ListItem\",\"position\":4,\"name\":\"Mo\u015bcice (ein Garten-Bezirk) Tarn\u00f3w\"}]},{\"@type\":\"WebSite\",\"@id\":\"https:\/\/www.it.tarnow.pl\/#website\",\"url\":\"https:\/\/www.it.tarnow.pl\/\",\"name\":\"Tarnowskie Centrum Informacji\",\"description\":\"Informacja turystyczna o Tarnowie i regionie tarnowskim.\",\"potentialAction\":[{\"@type\":\"SearchAction\",\"target\":{\"@type\":\"EntryPoint\",\"urlTemplate\":\"https:\/\/www.it.tarnow.pl\/?s={search_term_string}\"},\"query-input\":{\"@type\":\"PropertyValueSpecification\",\"valueRequired\":true,\"valueName\":\"search_term_string\"}}],\"inLanguage\":\"de\"}]}<\/script>\n<!-- \/ Yoast SEO Premium plugin. -->","yoast_head_json":{"title":"Mo\u015bcice (ein Garten-Bezirk) Tarn\u00f3w - Tarnowskie Centrum Informacji","robots":{"index":"index","follow":"follow","max-snippet":"max-snippet:-1","max-image-preview":"max-image-preview:large","max-video-preview":"max-video-preview:-1"},"canonical":"https:\/\/www.it.tarnow.pl\/de\/es-ist-sehenswert\/tarnow-13\/moscice-ein-garten-bezirk-tarnow\/","og_locale":"de_DE","og_type":"article","og_title":"Mo\u015bcice (ein Garten-Bezirk) Tarn\u00f3w","og_description":"Mo\u015bcice wurden aus zwei Gemeinden gegr\u00fcndet &#8211; \u015awierczk\u00f3w und D\u0105br\u00f3wka Infu\u0142acka. Die Urspr\u00fcnge von Mo\u015bcice reichen bis ins Jahr 1927 zur\u00fcck, als am 12. M\u00e4rz beschlossen wurde, in diesen Gebieten [&hellip;]","og_url":"https:\/\/www.it.tarnow.pl\/de\/es-ist-sehenswert\/tarnow-13\/moscice-ein-garten-bezirk-tarnow\/","og_site_name":"Tarnowskie Centrum Informacji","article_modified_time":"2021-02-22T12:29:06+00:00","og_image":[{"url":"http:\/\/www.it.tarnow.pl\/wp-content\/uploads\/2019\/02\/Moscice-66.jpg","type":"","width":"","height":""}],"twitter_card":"summary_large_image","twitter_misc":{"Gesch\u00e4tzte Lesezeit":"1\u00a0Minute"},"schema":{"@context":"https:\/\/schema.org","@graph":[{"@type":"WebPage","@id":"https:\/\/www.it.tarnow.pl\/de\/es-ist-sehenswert\/tarnow-13\/moscice-ein-garten-bezirk-tarnow\/","url":"https:\/\/www.it.tarnow.pl\/de\/es-ist-sehenswert\/tarnow-13\/moscice-ein-garten-bezirk-tarnow\/","name":"Mo\u015bcice (ein Garten-Bezirk) Tarn\u00f3w - Tarnowskie Centrum Informacji","isPartOf":{"@id":"https:\/\/www.it.tarnow.pl\/#website"},"primaryImageOfPage":{"@id":"https:\/\/www.it.tarnow.pl\/de\/es-ist-sehenswert\/tarnow-13\/moscice-ein-garten-bezirk-tarnow\/#primaryimage"},"image":{"@id":"https:\/\/www.it.tarnow.pl\/de\/es-ist-sehenswert\/tarnow-13\/moscice-ein-garten-bezirk-tarnow\/#primaryimage"},"thumbnailUrl":"http:\/\/www.it.tarnow.pl\/wp-content\/uploads\/2019\/02\/Moscice-66.jpg","datePublished":"2021-02-22T10:37:18+00:00","dateModified":"2021-02-22T12:29:06+00:00","breadcrumb":{"@id":"https:\/\/www.it.tarnow.pl\/de\/es-ist-sehenswert\/tarnow-13\/moscice-ein-garten-bezirk-tarnow\/#breadcrumb"},"inLanguage":"de","potentialAction":[{"@type":"ReadAction","target":["https:\/\/www.it.tarnow.pl\/de\/es-ist-sehenswert\/tarnow-13\/moscice-ein-garten-bezirk-tarnow\/"]}]},{"@type":"ImageObject","inLanguage":"de","@id":"https:\/\/www.it.tarnow.pl\/de\/es-ist-sehenswert\/tarnow-13\/moscice-ein-garten-bezirk-tarnow\/#primaryimage","url":"http:\/\/www.it.tarnow.pl\/wp-content\/uploads\/2019\/02\/Moscice-66.jpg","contentUrl":"http:\/\/www.it.tarnow.pl\/wp-content\/uploads\/2019\/02\/Moscice-66.jpg"},{"@type":"BreadcrumbList","@id":"https:\/\/www.it.tarnow.pl\/de\/es-ist-sehenswert\/tarnow-13\/moscice-ein-garten-bezirk-tarnow\/#breadcrumb","itemListElement":[{"@type":"ListItem","position":1,"name":"Homepage","item":"https:\/\/www.it.tarnow.pl\/de\/"},{"@type":"ListItem","position":2,"name":"Es ist sehenswert","item":"https:\/\/www.it.tarnow.pl\/de\/es-ist-sehenswert\/"},{"@type":"ListItem","position":3,"name":"Tarn\u00f3w","item":"https:\/\/www.it.tarnow.pl\/de\/es-ist-sehenswert\/tarnow-13\/"},{"@type":"ListItem","position":4,"name":"Mo\u015bcice (ein Garten-Bezirk) Tarn\u00f3w"}]},{"@type":"WebSite","@id":"https:\/\/www.it.tarnow.pl\/#website","url":"https:\/\/www.it.tarnow.pl\/","name":"Tarnowskie Centrum Informacji","description":"Informacja turystyczna o Tarnowie i regionie tarnowskim.","potentialAction":[{"@type":"SearchAction","target":{"@type":"EntryPoint","urlTemplate":"https:\/\/www.it.tarnow.pl\/?s={search_term_string}"},"query-input":{"@type":"PropertyValueSpecification","valueRequired":true,"valueName":"search_term_string"}}],"inLanguage":"de"}]}},"_links":{"self":[{"href":"https:\/\/www.it.tarnow.pl\/de\/wp-json\/wp\/v2\/pages\/199189","targetHints":{"allow":["GET"]}}],"collection":[{"href":"https:\/\/www.it.tarnow.pl\/de\/wp-json\/wp\/v2\/pages"}],"about":[{"href":"https:\/\/www.it.tarnow.pl\/de\/wp-json\/wp\/v2\/types\/page"}],"author":[{"embeddable":true,"href":"https:\/\/www.it.tarnow.pl\/de\/wp-json\/wp\/v2\/users\/13"}],"replies":[{"embeddable":true,"href":"https:\/\/www.it.tarnow.pl\/de\/wp-json\/wp\/v2\/comments?post=199189"}],"version-history":[{"count":0,"href":"https:\/\/www.it.tarnow.pl\/de\/wp-json\/wp\/v2\/pages\/199189\/revisions"}],"up":[{"embeddable":true,"href":"https:\/\/www.it.tarnow.pl\/de\/wp-json\/wp\/v2\/pages\/9807"}],"wp:attachment":[{"href":"https:\/\/www.it.tarnow.pl\/de\/wp-json\/wp\/v2\/media?parent=199189"}],"wp:term":[{"taxonomy":"post_tag","embeddable":true,"href":"https:\/\/www.it.tarnow.pl\/de\/wp-json\/wp\/v2\/tags?post=199189"}],"curies":[{"name":"wp","href":"https:\/\/api.w.org\/{rel}","templated":true}]}}