{"id":102094,"date":"2019-02-28T10:52:24","date_gmt":"2019-02-28T09:52:24","guid":{"rendered":"http:\/\/www.it.tarnow.pl\/?page_id=102094"},"modified":"2026-02-25T14:48:52","modified_gmt":"2026-02-25T13:48:52","slug":"startseite","status":"publish","type":"page","link":"https:\/\/www.it.tarnow.pl\/de\/","title":{"rendered":"Startseite"},"content":{"rendered":"","protected":false},"excerpt":{"rendered":"","protected":false},"author":1,"featured_media":0,"parent":0,"menu_order":789,"comment_status":"closed","ping_status":"closed","template":"","meta":{"_acf_changed":false,"footnotes":""},"tags":[],"class_list":["post-102094","page","type-page","status-publish","hentry"],"acf":{"intro_text":"","old_id":"","old_object_id":"","old_parent_id":"","old_url":"","top_column":"","left_column":"","right_column":"","bottom_column":"","show_children":"","class":"","type":"","slider_list":[{"title":"TARN\u00d3W laut CNN eine der sch\u00f6nsten St\u00e4dte Europas 2021!","description":"","image":{"ID":266178,"id":266178,"title":"slider-Tarnow-CNN-ENO-2024","filename":"slider-Tarnow-CNN-ENO-2024-1.jpg","filesize":477374,"url":"https:\/\/www.it.tarnow.pl\/wp-content\/uploads\/2024\/01\/slider-Tarnow-CNN-ENO-2024-1.jpg","link":"https:\/\/www.it.tarnow.pl\/de\/strona-glowna\/slider-tarnow-cnn-eno-2024\/","alt":"","author":"13","description":"","caption":"","name":"slider-tarnow-cnn-eno-2024","status":"inherit","uploaded_to":465,"date":"2024-01-02 07:44:30","modified":"2024-01-02 07:44:30","menu_order":0,"mime_type":"image\/jpeg","type":"image","subtype":"jpeg","icon":"https:\/\/www.it.tarnow.pl\/wp-includes\/images\/media\/default.png","width":1095,"height":496,"sizes":{"thumbnail":"https:\/\/www.it.tarnow.pl\/wp-content\/uploads\/2024\/01\/slider-Tarnow-CNN-ENO-2024-1-250x250.jpg","thumbnail-width":250,"thumbnail-height":250,"medium":"https:\/\/www.it.tarnow.pl\/wp-content\/uploads\/2024\/01\/slider-Tarnow-CNN-ENO-2024-1-400x181.jpg","medium-width":400,"medium-height":181,"medium_large":"https:\/\/www.it.tarnow.pl\/wp-content\/uploads\/2024\/01\/slider-Tarnow-CNN-ENO-2024-1-768x348.jpg","medium_large-width":768,"medium_large-height":348,"large":"https:\/\/www.it.tarnow.pl\/wp-content\/uploads\/2024\/01\/slider-Tarnow-CNN-ENO-2024-1-650x294.jpg","large-width":650,"large-height":294,"1536x1536":"https:\/\/www.it.tarnow.pl\/wp-content\/uploads\/2024\/01\/slider-Tarnow-CNN-ENO-2024-1.jpg","1536x1536-width":1095,"1536x1536-height":496,"2048x2048":"https:\/\/www.it.tarnow.pl\/wp-content\/uploads\/2024\/01\/slider-Tarnow-CNN-ENO-2024-1.jpg","2048x2048-width":1095,"2048x2048-height":496,"event-thumb":"https:\/\/www.it.tarnow.pl\/wp-content\/uploads\/2024\/01\/slider-Tarnow-CNN-ENO-2024-1-300x136.jpg","event-thumb-width":300,"event-thumb-height":136}},"target":"http:\/\/www.it.tarnow.pl\/en\/cnn-puts-polish-city-on-europes-most-beautiful-towns-lists\/"}],"block_list":[{"title":"Multimedia-Karte","image":{"ID":503,"id":503,"title":"ico-map-marker","filename":"ico-map-marker.png","filesize":4775,"url":"https:\/\/www.it.tarnow.pl\/wp-content\/uploads\/2018\/12\/ico-map-marker.png","link":"https:\/\/www.it.tarnow.pl\/de\/strona-glowna\/ico-map-marker\/","alt":"","author":"1","description":"","caption":"","name":"ico-map-marker","status":"inherit","uploaded_to":465,"date":"2018-12-09 21:08:52","modified":"2018-12-09 21:08:52","menu_order":0,"mime_type":"image\/png","type":"image","subtype":"png","icon":"https:\/\/www.it.tarnow.pl\/wp-includes\/images\/media\/default.png","width":312,"height":296,"sizes":{"thumbnail":"https:\/\/www.it.tarnow.pl\/wp-content\/uploads\/2018\/12\/ico-map-marker-250x250.png","thumbnail-width":250,"thumbnail-height":250,"medium":"https:\/\/www.it.tarnow.pl\/wp-content\/uploads\/2018\/12\/ico-map-marker-300x285.png","medium-width":300,"medium-height":285,"medium_large":"https:\/\/www.it.tarnow.pl\/wp-content\/uploads\/2018\/12\/ico-map-marker.png","medium_large-width":312,"medium_large-height":296,"large":"https:\/\/www.it.tarnow.pl\/wp-content\/uploads\/2018\/12\/ico-map-marker.png","large-width":312,"large-height":296,"1536x1536":"https:\/\/www.it.tarnow.pl\/wp-content\/uploads\/2018\/12\/ico-map-marker.png","1536x1536-width":312,"1536x1536-height":296,"2048x2048":"https:\/\/www.it.tarnow.pl\/wp-content\/uploads\/2018\/12\/ico-map-marker.png","2048x2048-width":312,"2048x2048-height":296,"event-thumb":"https:\/\/www.it.tarnow.pl\/wp-content\/uploads\/2018\/12\/ico-map-marker-300x285.png","event-thumb-width":300,"event-thumb-height":285}},"link":"http:\/\/www.it.tarnow.pl\/de\/interaktive-karte\/"},{"title":"Galerie","image":{"ID":344243,"id":344243,"title":"ico-gallery","filename":"ico-gallery.png","filesize":2795,"url":"https:\/\/www.it.tarnow.pl\/wp-content\/uploads\/2026\/02\/ico-gallery.png","link":"https:\/\/www.it.tarnow.pl\/de\/strona-glowna\/ico-gallery\/","alt":"","author":"1","description":"","caption":"","name":"ico-gallery","status":"inherit","uploaded_to":465,"date":"2026-02-25 13:09:12","modified":"2026-02-25 13:09:12","menu_order":0,"mime_type":"image\/png","type":"image","subtype":"png","icon":"https:\/\/www.it.tarnow.pl\/wp-includes\/images\/media\/default.png","width":100,"height":100,"sizes":{"thumbnail":"https:\/\/www.it.tarnow.pl\/wp-content\/uploads\/2026\/02\/ico-gallery.png","thumbnail-width":100,"thumbnail-height":100,"medium":"https:\/\/www.it.tarnow.pl\/wp-content\/uploads\/2026\/02\/ico-gallery.png","medium-width":100,"medium-height":100,"medium_large":"https:\/\/www.it.tarnow.pl\/wp-content\/uploads\/2026\/02\/ico-gallery.png","medium_large-width":100,"medium_large-height":100,"large":"https:\/\/www.it.tarnow.pl\/wp-content\/uploads\/2026\/02\/ico-gallery.png","large-width":100,"large-height":100,"1536x1536":"https:\/\/www.it.tarnow.pl\/wp-content\/uploads\/2026\/02\/ico-gallery.png","1536x1536-width":100,"1536x1536-height":100,"2048x2048":"https:\/\/www.it.tarnow.pl\/wp-content\/uploads\/2026\/02\/ico-gallery.png","2048x2048-width":100,"2048x2048-height":100,"event-thumb":"https:\/\/www.it.tarnow.pl\/wp-content\/uploads\/2026\/02\/ico-gallery.png","event-thumb-width":100,"event-thumb-height":100}},"link":"http:\/\/www.it.tarnow.pl\/de\/category\/galerie\/"},{"title":"Brosch\u00fcren","image":{"ID":513,"id":513,"title":"ico-book","filename":"ico-book.png","filesize":891,"url":"https:\/\/www.it.tarnow.pl\/wp-content\/uploads\/2018\/12\/ico-book.png","link":"https:\/\/www.it.tarnow.pl\/de\/strona-glowna\/ico-book\/","alt":"","author":"1","description":"","caption":"","name":"ico-book","status":"inherit","uploaded_to":465,"date":"2018-12-09 21:08:56","modified":"2018-12-09 21:08:56","menu_order":0,"mime_type":"image\/png","type":"image","subtype":"png","icon":"https:\/\/www.it.tarnow.pl\/wp-includes\/images\/media\/default.png","width":102,"height":118,"sizes":{"thumbnail":"https:\/\/www.it.tarnow.pl\/wp-content\/uploads\/2018\/12\/ico-book.png","thumbnail-width":102,"thumbnail-height":118,"medium":"https:\/\/www.it.tarnow.pl\/wp-content\/uploads\/2018\/12\/ico-book.png","medium-width":102,"medium-height":118,"medium_large":"https:\/\/www.it.tarnow.pl\/wp-content\/uploads\/2018\/12\/ico-book.png","medium_large-width":102,"medium_large-height":118,"large":"https:\/\/www.it.tarnow.pl\/wp-content\/uploads\/2018\/12\/ico-book.png","large-width":102,"large-height":118,"1536x1536":"https:\/\/www.it.tarnow.pl\/wp-content\/uploads\/2018\/12\/ico-book.png","1536x1536-width":102,"1536x1536-height":118,"2048x2048":"https:\/\/www.it.tarnow.pl\/wp-content\/uploads\/2018\/12\/ico-book.png","2048x2048-width":102,"2048x2048-height":118,"event-thumb":"https:\/\/www.it.tarnow.pl\/wp-content\/uploads\/2018\/12\/ico-book.png","event-thumb-width":102,"event-thumb-height":118}},"link":"http:\/\/www.it.tarnow.pl\/de\/brochure\/"}],"see_also_list":false,"partner_list":[{"name":"POT - polska.travel","link":"http:\/\/polska.travel\/pl"},{"name":"www.mot.krakow.pl","link":"http:\/\/www.mot.krakow.pl\/"},{"name":"inyourpocket.com","link":"http:\/\/www.inyourpocket.com\/"},{"name":"www.krakow.travel","link":"http:\/\/www.krakow.travel\/"},{"name":"www.it.dunajecbiala.pl","link":"http:\/\/www.it.dunajecbiala.pl\/"},{"name":"zarabiajnaturystyce.pl","link":"http:\/\/zarabiajnaturystyce.pl\/"},{"name":"thevisitor.pl","link":"http:\/\/thevisitor.pl\/"},{"name":"e-krakow.com","link":"http:\/\/www.e-krakow.com\/"},{"name":"www.turystykadzieci.pl","link":"http:\/\/www.turystykadzieci.pl\/"},{"name":"www.event-kalender.pl","link":"http:\/\/www.event-kalender.pl\/"},{"name":"cracow-life.com","link":"http:\/\/www.cracow-life.com\/"}],"mobileapp_list":false,"banner_list":false,"touristinfo_list":false,"cert_list":[{"name":"Die beste Touristinformation in Polen in 2008, 2010, 2012, 2013, 2015, 2019","link":"http:\/\/www.it.tarnow.pl\/en\/about-us\/awards-and-certificates\/","image":{"ID":337018,"id":337018,"title":"najlepsze-it-2025-01m","filename":"najlepsze-it-2025-01m.png","filesize":3903,"url":"https:\/\/www.it.tarnow.pl\/wp-content\/uploads\/2025\/12\/najlepsze-it-2025-01m.png","link":"https:\/\/www.it.tarnow.pl\/de\/strona-glowna\/najlepsze-it-2025-01m\/","alt":"","author":"1","description":"","caption":"","name":"najlepsze-it-2025-01m","status":"inherit","uploaded_to":465,"date":"2025-12-01 16:33:00","modified":"2025-12-01 16:33:00","menu_order":0,"mime_type":"image\/png","type":"image","subtype":"png","icon":"https:\/\/www.it.tarnow.pl\/wp-includes\/images\/media\/default.png","width":116,"height":50,"sizes":{"thumbnail":"https:\/\/www.it.tarnow.pl\/wp-content\/uploads\/2025\/12\/najlepsze-it-2025-01m.png","thumbnail-width":116,"thumbnail-height":50,"medium":"https:\/\/www.it.tarnow.pl\/wp-content\/uploads\/2025\/12\/najlepsze-it-2025-01m.png","medium-width":116,"medium-height":50,"medium_large":"https:\/\/www.it.tarnow.pl\/wp-content\/uploads\/2025\/12\/najlepsze-it-2025-01m.png","medium_large-width":116,"medium_large-height":50,"large":"https:\/\/www.it.tarnow.pl\/wp-content\/uploads\/2025\/12\/najlepsze-it-2025-01m.png","large-width":116,"large-height":50,"1536x1536":"https:\/\/www.it.tarnow.pl\/wp-content\/uploads\/2025\/12\/najlepsze-it-2025-01m.png","1536x1536-width":116,"1536x1536-height":50,"2048x2048":"https:\/\/www.it.tarnow.pl\/wp-content\/uploads\/2025\/12\/najlepsze-it-2025-01m.png","2048x2048-width":116,"2048x2048-height":50,"event-thumb":"https:\/\/www.it.tarnow.pl\/wp-content\/uploads\/2025\/12\/najlepsze-it-2025-01m.png","event-thumb-width":116,"event-thumb-height":50}}},{"name":"Fahrradfreundlich","link":"http:\/\/www.it.tarnow.pl\/en\/about-us\/awards-and-certificates\/#bicycle-friendly","image":{"ID":205853,"id":205853,"title":"baner narowery-x50","filename":"baner-narowery-x50.png","filesize":12017,"url":"https:\/\/www.it.tarnow.pl\/wp-content\/uploads\/2021\/06\/baner-narowery-x50.png","link":"https:\/\/www.it.tarnow.pl\/de\/strona-glowna\/baner-narowery-x50\/","alt":"","author":"13","description":"","caption":"","name":"baner-narowery-x50","status":"inherit","uploaded_to":465,"date":"2021-06-29 13:44:47","modified":"2021-06-29 13:44:47","menu_order":0,"mime_type":"image\/png","type":"image","subtype":"png","icon":"https:\/\/www.it.tarnow.pl\/wp-includes\/images\/media\/default.png","width":137,"height":50,"sizes":{"thumbnail":"https:\/\/www.it.tarnow.pl\/wp-content\/uploads\/2021\/06\/baner-narowery-x50.png","thumbnail-width":137,"thumbnail-height":50,"medium":"https:\/\/www.it.tarnow.pl\/wp-content\/uploads\/2021\/06\/baner-narowery-x50.png","medium-width":137,"medium-height":50,"medium_large":"https:\/\/www.it.tarnow.pl\/wp-content\/uploads\/2021\/06\/baner-narowery-x50.png","medium_large-width":137,"medium_large-height":50,"large":"https:\/\/www.it.tarnow.pl\/wp-content\/uploads\/2021\/06\/baner-narowery-x50.png","large-width":137,"large-height":50,"1536x1536":"https:\/\/www.it.tarnow.pl\/wp-content\/uploads\/2021\/06\/baner-narowery-x50.png","1536x1536-width":137,"1536x1536-height":50,"2048x2048":"https:\/\/www.it.tarnow.pl\/wp-content\/uploads\/2021\/06\/baner-narowery-x50.png","2048x2048-width":137,"2048x2048-height":50,"event-thumb":"https:\/\/www.it.tarnow.pl\/wp-content\/uploads\/2021\/06\/baner-narowery-x50.png","event-thumb-width":137,"event-thumb-height":50}}},{"name":"Umweltfreundlicher Tourismus","link":"http:\/\/www.it.tarnow.pl\/en\/about-us\/awards-and-certificates\/#clean-tourism","image":{"ID":129510,"id":129510,"title":"czysta-turystyka","filename":"czysta-turystyka.gif","filesize":2093,"url":"https:\/\/www.it.tarnow.pl\/wp-content\/uploads\/2019\/03\/czysta-turystyka.gif","link":"https:\/\/www.it.tarnow.pl\/de\/strona-glowna\/czysta-turystyka\/","alt":"","author":"1","description":"","caption":"","name":"czysta-turystyka","status":"inherit","uploaded_to":465,"date":"2019-03-05 11:36:19","modified":"2019-03-05 11:36:19","menu_order":0,"mime_type":"image\/gif","type":"image","subtype":"gif","icon":"https:\/\/www.it.tarnow.pl\/wp-includes\/images\/media\/default.png","width":99,"height":50,"sizes":{"thumbnail":"https:\/\/www.it.tarnow.pl\/wp-content\/uploads\/2019\/03\/czysta-turystyka.gif","thumbnail-width":99,"thumbnail-height":50,"medium":"https:\/\/www.it.tarnow.pl\/wp-content\/uploads\/2019\/03\/czysta-turystyka.gif","medium-width":99,"medium-height":50,"medium_large":"https:\/\/www.it.tarnow.pl\/wp-content\/uploads\/2019\/03\/czysta-turystyka.gif","medium_large-width":99,"medium_large-height":50,"large":"https:\/\/www.it.tarnow.pl\/wp-content\/uploads\/2019\/03\/czysta-turystyka.gif","large-width":99,"large-height":50,"1536x1536":"https:\/\/www.it.tarnow.pl\/wp-content\/uploads\/2019\/03\/czysta-turystyka.gif","1536x1536-width":99,"1536x1536-height":50,"2048x2048":"https:\/\/www.it.tarnow.pl\/wp-content\/uploads\/2019\/03\/czysta-turystyka.gif","2048x2048-width":99,"2048x2048-height":50,"event-thumb":"https:\/\/www.it.tarnow.pl\/wp-content\/uploads\/2019\/03\/czysta-turystyka.gif","event-thumb-width":99,"event-thumb-height":50}}},{"name":"Mother-friendly","link":"","image":{"ID":129494,"id":129494,"title":"TCI-przyjazne-mamom","filename":"TCI-przyjazne-mamom.gif","filesize":3406,"url":"https:\/\/www.it.tarnow.pl\/wp-content\/uploads\/2019\/03\/TCI-przyjazne-mamom.gif","link":"https:\/\/www.it.tarnow.pl\/de\/strona-glowna\/tci-przyjazne-mamom\/","alt":"","author":"1","description":"","caption":"","name":"tci-przyjazne-mamom","status":"inherit","uploaded_to":465,"date":"2019-03-05 11:36:17","modified":"2019-03-05 11:36:17","menu_order":0,"mime_type":"image\/gif","type":"image","subtype":"gif","icon":"https:\/\/www.it.tarnow.pl\/wp-includes\/images\/media\/default.png","width":35,"height":50,"sizes":{"thumbnail":"https:\/\/www.it.tarnow.pl\/wp-content\/uploads\/2019\/03\/TCI-przyjazne-mamom.gif","thumbnail-width":35,"thumbnail-height":50,"medium":"https:\/\/www.it.tarnow.pl\/wp-content\/uploads\/2019\/03\/TCI-przyjazne-mamom.gif","medium-width":35,"medium-height":50,"medium_large":"https:\/\/www.it.tarnow.pl\/wp-content\/uploads\/2019\/03\/TCI-przyjazne-mamom.gif","medium_large-width":35,"medium_large-height":50,"large":"https:\/\/www.it.tarnow.pl\/wp-content\/uploads\/2019\/03\/TCI-przyjazne-mamom.gif","large-width":35,"large-height":50,"1536x1536":"https:\/\/www.it.tarnow.pl\/wp-content\/uploads\/2019\/03\/TCI-przyjazne-mamom.gif","1536x1536-width":35,"1536x1536-height":50,"2048x2048":"https:\/\/www.it.tarnow.pl\/wp-content\/uploads\/2019\/03\/TCI-przyjazne-mamom.gif","2048x2048-width":35,"2048x2048-height":50,"event-thumb":"https:\/\/www.it.tarnow.pl\/wp-content\/uploads\/2019\/03\/TCI-przyjazne-mamom.gif","event-thumb-width":35,"event-thumb-height":50}}},{"name":"Kid-friendly","link":"","image":{"ID":129486,"id":129486,"title":"przyjazne-maluchom","filename":"przyjazne-maluchom.gif","filesize":4498,"url":"https:\/\/www.it.tarnow.pl\/wp-content\/uploads\/2019\/03\/przyjazne-maluchom.gif","link":"https:\/\/www.it.tarnow.pl\/de\/strona-glowna\/przyjazne-maluchom\/","alt":"","author":"1","description":"","caption":"","name":"przyjazne-maluchom","status":"inherit","uploaded_to":465,"date":"2019-03-05 11:36:16","modified":"2019-03-05 11:36:16","menu_order":0,"mime_type":"image\/gif","type":"image","subtype":"gif","icon":"https:\/\/www.it.tarnow.pl\/wp-includes\/images\/media\/default.png","width":54,"height":50,"sizes":{"thumbnail":"https:\/\/www.it.tarnow.pl\/wp-content\/uploads\/2019\/03\/przyjazne-maluchom.gif","thumbnail-width":54,"thumbnail-height":50,"medium":"https:\/\/www.it.tarnow.pl\/wp-content\/uploads\/2019\/03\/przyjazne-maluchom.gif","medium-width":54,"medium-height":50,"medium_large":"https:\/\/www.it.tarnow.pl\/wp-content\/uploads\/2019\/03\/przyjazne-maluchom.gif","medium_large-width":54,"medium_large-height":50,"large":"https:\/\/www.it.tarnow.pl\/wp-content\/uploads\/2019\/03\/przyjazne-maluchom.gif","large-width":54,"large-height":50,"1536x1536":"https:\/\/www.it.tarnow.pl\/wp-content\/uploads\/2019\/03\/przyjazne-maluchom.gif","1536x1536-width":54,"1536x1536-height":50,"2048x2048":"https:\/\/www.it.tarnow.pl\/wp-content\/uploads\/2019\/03\/przyjazne-maluchom.gif","2048x2048-width":54,"2048x2048-height":50,"event-thumb":"https:\/\/www.it.tarnow.pl\/wp-content\/uploads\/2019\/03\/przyjazne-maluchom.gif","event-thumb-width":54,"event-thumb-height":50}}},{"name":"Zertifikat f\u00fcr eine gute Praxis","link":"","image":{"ID":208347,"id":208347,"title":"certyfikat-dobrych praktyk-50","filename":"certyfikat-dobrych-praktyk-50.png","filesize":4595,"url":"https:\/\/www.it.tarnow.pl\/wp-content\/uploads\/2021\/08\/certyfikat-dobrych-praktyk-50.png","link":"https:\/\/www.it.tarnow.pl\/de\/strona-glowna\/certyfikat-dobrych-praktyk-50\/","alt":"logo Certyfikatu Dobrych Praktyk","author":"13","description":"","caption":"","name":"certyfikat-dobrych-praktyk-50","status":"inherit","uploaded_to":465,"date":"2021-08-12 12:10:48","modified":"2021-08-12 12:11:02","menu_order":0,"mime_type":"image\/png","type":"image","subtype":"png","icon":"https:\/\/www.it.tarnow.pl\/wp-includes\/images\/media\/default.png","width":60,"height":50,"sizes":{"thumbnail":"https:\/\/www.it.tarnow.pl\/wp-content\/uploads\/2021\/08\/certyfikat-dobrych-praktyk-50.png","thumbnail-width":60,"thumbnail-height":50,"medium":"https:\/\/www.it.tarnow.pl\/wp-content\/uploads\/2021\/08\/certyfikat-dobrych-praktyk-50.png","medium-width":60,"medium-height":50,"medium_large":"https:\/\/www.it.tarnow.pl\/wp-content\/uploads\/2021\/08\/certyfikat-dobrych-praktyk-50.png","medium_large-width":60,"medium_large-height":50,"large":"https:\/\/www.it.tarnow.pl\/wp-content\/uploads\/2021\/08\/certyfikat-dobrych-praktyk-50.png","large-width":60,"large-height":50,"1536x1536":"https:\/\/www.it.tarnow.pl\/wp-content\/uploads\/2021\/08\/certyfikat-dobrych-praktyk-50.png","1536x1536-width":60,"1536x1536-height":50,"2048x2048":"https:\/\/www.it.tarnow.pl\/wp-content\/uploads\/2021\/08\/certyfikat-dobrych-praktyk-50.png","2048x2048-width":60,"2048x2048-height":50,"event-thumb":"https:\/\/www.it.tarnow.pl\/wp-content\/uploads\/2021\/08\/certyfikat-dobrych-praktyk-50.png","event-thumb-width":60,"event-thumb-height":50}}}],"menuicon_list":false,"menuheader_list":false,"footer_copyright":"<p><strong>Unterst\u00fctzt durch Mittel:<\/strong><\/p>\n<p style=\"width: 100%;\"><a href=\"https:\/\/www.tarnow.pl\/Turystyka-i-sport\/ENOTarnowskie\/o-projekcie\"><img loading=\"lazy\" decoding=\"async\" class=\"alignnone\" style=\"display: block; float: left; margin-left: auto;\" src=\"https:\/\/www.it.tarnow.pl\/wp-content\/uploads\/2026\/01\/stopka-fundusze-eu.png\" alt=\"Obrazek\" width=\"231\" height=\"80\" \/><\/a><img loading=\"lazy\" decoding=\"async\" class=\"alignnone\" style=\"display: block; float: left; margin-left: auto;\" src=\"https:\/\/www.it.tarnow.pl\/wp-content\/uploads\/2026\/01\/stopka-fundusze-swiss.png\" alt=\"Obrazek\" width=\"305\" height=\"80\" \/><a href=\"https:\/\/tarnow.pl\/Miasto\/Rozwoj\/TARNOW-NOWE-SPOJRZENIE\"><img loading=\"lazy\" decoding=\"async\" class=\"alignnone\" style=\"display: block; float: left; margin-left: auto;\" src=\"https:\/\/www.it.tarnow.pl\/wp-content\/uploads\/2026\/01\/stopka-fundusze-norway.png\" alt=\"Obrazek\" width=\"131\" height=\"80\" \/><\/a><\/p>\n<p>Tarnower Touristinformation &#8211; Polen.<\/p>\n<p>\u00a9 1999-2019 TCI. All rights reserved.<\/p>\n","old_browser":"","block_links_header":"Wussten Sie dass","block_links_list":[{"name":"\"Perle der Renaissance\"","url":"http:\/\/www.it.tarnow.pl\/de\/es-ist-sehenswert\/wussten-sie-dass\/perle-der-renaissance-2\/"},{"name":"Der \"W\u00e4rmepol\" Polens","url":"http:\/\/www.it.tarnow.pl\/de\/es-ist-sehenswert\/wussten-sie-dass\/und-viel-viel-mehr\/"},{"name":"Die gr\u00f6\u00dfte Holzkirche in Kleinpolen","url":"http:\/\/www.it.tarnow.pl\/de\/es-ist-sehenswert\/wussten-sie-dass\/die-groste-holzkirche-in-kleinpolen\/"},{"name":"Das farbige Zalipie","url":"http:\/\/www.it.tarnow.pl\/de\/es-ist-sehenswert\/wussten-sie-dass\/das-farbige-zalipie\/"},{"name":"Die gr\u00f6\u00dfte Barockresidenz","url":"http:\/\/www.it.tarnow.pl\/de\/es-ist-sehenswert\/wussten-sie-dass\/die-groste-barockresidenz\/"},{"name":"Die \"Steinstadt\"","url":"http:\/\/www.it.tarnow.pl\/de\/es-ist-sehenswert\/wussten-sie-dass\/die-steinstadt\/"},{"name":"Einzigartiger Sonnensystem-Brunnen","url":"http:\/\/www.it.tarnow.pl\/de\/es-ist-sehenswert\/wussten-sie-dass\/einzigartiger-sonnensystem-brunnen\/"}],"block_links_read_more":"http:\/\/www.it.tarnow.pl\/de\/es-ist-sehenswert\/wussten-sie-dass\/","skip_import":false,"rodo_cookies":"","in_menu":true,"show_date":false,"map":"","rooms_info":"","_menu_related_id":"192924"},"yoast_head":"<!-- This site is optimized with the Yoast SEO Premium plugin v25.4 (Yoast SEO v25.4) - https:\/\/yoast.com\/wordpress\/plugins\/seo\/ -->\n<title>Tarn\u00f3w und Umgebung - Touristinformation - Tarn\u00f3w i region - Informacja turystyczna<\/title>\n<meta name=\"description\" content=\"Oficjalny portal turystyczny miasta Tarnowa i regionu tarnowskiego.\" \/>\n<meta name=\"robots\" content=\"index, follow, max-snippet:-1, max-image-preview:large, max-video-preview:-1\" \/>\n<link rel=\"canonical\" href=\"https:\/\/www.it.tarnow.pl\/de\/\" \/>\n<meta property=\"og:locale\" content=\"de_DE\" \/>\n<meta property=\"og:type\" content=\"article\" \/>\n<meta property=\"og:title\" content=\"Startseite\" \/>\n<meta property=\"og:description\" content=\"Oficjalny portal turystyczny miasta Tarnowa i regionu tarnowskiego.\" \/>\n<meta property=\"og:url\" content=\"https:\/\/www.it.tarnow.pl\/de\/\" \/>\n<meta property=\"og:site_name\" content=\"Tarnowskie Centrum Informacji\" \/>\n<meta property=\"article:modified_time\" content=\"2026-02-25T13:48:52+00:00\" \/>\n<meta name=\"twitter:card\" content=\"summary_large_image\" \/>\n<script type=\"application\/ld+json\" class=\"yoast-schema-graph\">{\"@context\":\"https:\/\/schema.org\",\"@graph\":[{\"@type\":\"WebPage\",\"@id\":\"https:\/\/www.it.tarnow.pl\/de\/\",\"url\":\"https:\/\/www.it.tarnow.pl\/de\/\",\"name\":\"Tarn\u00f3w und Umgebung - Touristinformation - Tarn\u00f3w i region - Informacja turystyczna\",\"isPartOf\":{\"@id\":\"https:\/\/www.it.tarnow.pl\/#website\"},\"datePublished\":\"2019-02-28T09:52:24+00:00\",\"dateModified\":\"2026-02-25T13:48:52+00:00\",\"description\":\"Oficjalny portal turystyczny miasta Tarnowa i regionu tarnowskiego.\",\"breadcrumb\":{\"@id\":\"https:\/\/www.it.tarnow.pl\/de\/#breadcrumb\"},\"inLanguage\":\"de\",\"potentialAction\":[{\"@type\":\"ReadAction\",\"target\":[\"https:\/\/www.it.tarnow.pl\/de\/\"]}]},{\"@type\":\"BreadcrumbList\",\"@id\":\"https:\/\/www.it.tarnow.pl\/de\/#breadcrumb\",\"itemListElement\":[{\"@type\":\"ListItem\",\"position\":1,\"name\":\"Homepage\",\"item\":\"https:\/\/www.it.tarnow.pl\/de\/\"},{\"@type\":\"ListItem\",\"position\":2,\"name\":\"Startseite\"}]},{\"@type\":\"WebSite\",\"@id\":\"https:\/\/www.it.tarnow.pl\/#website\",\"url\":\"https:\/\/www.it.tarnow.pl\/\",\"name\":\"Tarnowskie Centrum Informacji\",\"description\":\"Informacja turystyczna o Tarnowie i regionie tarnowskim.\",\"potentialAction\":[{\"@type\":\"SearchAction\",\"target\":{\"@type\":\"EntryPoint\",\"urlTemplate\":\"https:\/\/www.it.tarnow.pl\/?s={search_term_string}\"},\"query-input\":{\"@type\":\"PropertyValueSpecification\",\"valueRequired\":true,\"valueName\":\"search_term_string\"}}],\"inLanguage\":\"de\"}]}<\/script>\n<!-- \/ Yoast SEO Premium plugin. -->","yoast_head_json":{"title":"Tarn\u00f3w und Umgebung - Touristinformation - Tarn\u00f3w i region - Informacja turystyczna","description":"Oficjalny portal turystyczny miasta Tarnowa i regionu tarnowskiego.","robots":{"index":"index","follow":"follow","max-snippet":"max-snippet:-1","max-image-preview":"max-image-preview:large","max-video-preview":"max-video-preview:-1"},"canonical":"https:\/\/www.it.tarnow.pl\/de\/","og_locale":"de_DE","og_type":"article","og_title":"Startseite","og_description":"Oficjalny portal turystyczny miasta Tarnowa i regionu tarnowskiego.","og_url":"https:\/\/www.it.tarnow.pl\/de\/","og_site_name":"Tarnowskie Centrum Informacji","article_modified_time":"2026-02-25T13:48:52+00:00","twitter_card":"summary_large_image","schema":{"@context":"https:\/\/schema.org","@graph":[{"@type":"WebPage","@id":"https:\/\/www.it.tarnow.pl\/de\/","url":"https:\/\/www.it.tarnow.pl\/de\/","name":"Tarn\u00f3w und Umgebung - Touristinformation - Tarn\u00f3w i region - Informacja turystyczna","isPartOf":{"@id":"https:\/\/www.it.tarnow.pl\/#website"},"datePublished":"2019-02-28T09:52:24+00:00","dateModified":"2026-02-25T13:48:52+00:00","description":"Oficjalny portal turystyczny miasta Tarnowa i regionu tarnowskiego.","breadcrumb":{"@id":"https:\/\/www.it.tarnow.pl\/de\/#breadcrumb"},"inLanguage":"de","potentialAction":[{"@type":"ReadAction","target":["https:\/\/www.it.tarnow.pl\/de\/"]}]},{"@type":"BreadcrumbList","@id":"https:\/\/www.it.tarnow.pl\/de\/#breadcrumb","itemListElement":[{"@type":"ListItem","position":1,"name":"Homepage","item":"https:\/\/www.it.tarnow.pl\/de\/"},{"@type":"ListItem","position":2,"name":"Startseite"}]},{"@type":"WebSite","@id":"https:\/\/www.it.tarnow.pl\/#website","url":"https:\/\/www.it.tarnow.pl\/","name":"Tarnowskie Centrum Informacji","description":"Informacja turystyczna o Tarnowie i regionie tarnowskim.","potentialAction":[{"@type":"SearchAction","target":{"@type":"EntryPoint","urlTemplate":"https:\/\/www.it.tarnow.pl\/?s={search_term_string}"},"query-input":{"@type":"PropertyValueSpecification","valueRequired":true,"valueName":"search_term_string"}}],"inLanguage":"de"}]}},"_links":{"self":[{"href":"https:\/\/www.it.tarnow.pl\/de\/wp-json\/wp\/v2\/pages\/102094","targetHints":{"allow":["GET"]}}],"collection":[{"href":"https:\/\/www.it.tarnow.pl\/de\/wp-json\/wp\/v2\/pages"}],"about":[{"href":"https:\/\/www.it.tarnow.pl\/de\/wp-json\/wp\/v2\/types\/page"}],"author":[{"embeddable":true,"href":"https:\/\/www.it.tarnow.pl\/de\/wp-json\/wp\/v2\/users\/1"}],"replies":[{"embeddable":true,"href":"https:\/\/www.it.tarnow.pl\/de\/wp-json\/wp\/v2\/comments?post=102094"}],"version-history":[{"count":2,"href":"https:\/\/www.it.tarnow.pl\/de\/wp-json\/wp\/v2\/pages\/102094\/revisions"}],"predecessor-version":[{"id":344548,"href":"https:\/\/www.it.tarnow.pl\/de\/wp-json\/wp\/v2\/pages\/102094\/revisions\/344548"}],"wp:attachment":[{"href":"https:\/\/www.it.tarnow.pl\/de\/wp-json\/wp\/v2\/media?parent=102094"}],"wp:term":[{"taxonomy":"post_tag","embeddable":true,"href":"https:\/\/www.it.tarnow.pl\/de\/wp-json\/wp\/v2\/tags?post=102094"}],"curies":[{"name":"wp","href":"https:\/\/api.w.org\/{rel}","templated":true}]}}